{"id":901,"date":"2020-06-02T07:52:19","date_gmt":"2020-06-02T04:52:19","guid":{"rendered":"https:\/\/www.senson.fi\/?page_id=901"},"modified":"2024-11-11T09:33:32","modified_gmt":"2024-11-11T07:33:32","slug":"senson-naturliche-beta-amylase","status":"publish","type":"page","link":"https:\/\/www.senson.fi\/de\/products\/senson-natural-beta-amylase\/","title":{"rendered":"Senson Natural Beta-Amylase"},"content":{"rendered":"<section class=\"section\" id=\"section_1484207000\">\n\t\t<div class=\"section-bg fill\" >\n\t\t\t\t\t\t\t\t\t\n\t\t\t\n\n\t\t<\/div>\n\n\t\t\n\n\t\t<div class=\"section-content relative\">\n\t\t\t\n\n<div class=\"row align-center\"  id=\"row-1915243182\">\n\n\n\t<div id=\"col-1612292068\" class=\"col medium-6 small-12 large-6\"  >\n\t\t\t\t<div class=\"col-inner\"  >\n\t\t\t\n\t\t\t\n\n<div class=\"slider-wrapper relative\" id=\"slider-664484411\" >\n    <div class=\"slider slider-nav-simple slider-nav-normal slider-nav-light slider-style-normal slider-show-nav\"\n        data-flickity-options='{            \"cellAlign\": \"center\",            \"imagesLoaded\": true,            \"lazyLoad\": 1,            \"freeScroll\": true,            \"wrapAround\": true,            \"autoPlay\": 2000,            \"pauseAutoPlayOnHover\" : true,            \"prevNextButtons\": true,            \"contain\" : true,            \"adaptiveHeight\" : true,            \"dragThreshold\" : 10,            \"percentPosition\": true,            \"pageDots\": true,            \"rightToLeft\": false,            \"draggable\": false,            \"selectedAttraction\": 0.1,            \"parallax\" : 0,            \"friction\": 0.6        }'\n        >\n        \n\n\n  <div class=\"banner has-hover\" id=\"banner-454853531\">\n          <div class=\"banner-inner fill\">\n        <div class=\"banner-bg fill\" >\n            <img loading=\"lazy\" decoding=\"async\" width=\"1500\" height=\"844\" src=\"https:\/\/www.senson.fi\/wp-content\/uploads\/2020\/05\/Senson_gradient_1_RGB.jpg\" class=\"bg attachment-original size-original\" alt=\"\" \/>                        <div class=\"overlay\"><\/div>            \n                    <\/div>\n\t\t\n        <div class=\"banner-layers container\">\n            <div class=\"fill banner-link\"><\/div>            \n\n   <div id=\"text-box-1073752725\" class=\"text-box banner-layer x50 md-x50 lg-x50 y50 md-y50 lg-y50 res-text\">\n                                <div class=\"text-box-content text dark\">\n              \n              <div class=\"text-inner text-center\">\n                  \n\n<p class=\"uppercase\"><span style=\"font-size: 300%;\"><strong>Senson NAT\u00dcRLICHE BETA-AMYLASE<\/strong><\/span><\/p>\n\n              <\/div>\n           <\/div>\n                            \n<style>\n#text-box-1073752725 {\n  width: 60%;\n}\n#text-box-1073752725 .text-box-content {\n  font-size: 100%;\n}\n<\/style>\n    <\/div>\n \n\n        <\/div>\n      <\/div>\n\n            \n<style>\n#banner-454853531 {\n  padding-top: 75%;\n}\n#banner-454853531 .overlay {\n  background-color: rgba(0, 0, 0, 0.17);\n}\n<\/style>\n  <\/div>\n\n\n\t<div class=\"img has-hover x md-x lg-x y md-y lg-y\" id=\"image_1977448964\">\n\t\t<a class=\"image-lightbox lightbox-gallery\" title=\"\" href=\"https:\/\/www.senson.fi\/wp-content\/uploads\/2020\/06\/senson_liquids_02-1024x683.jpg\">\t\t\t\t\t\t<div class=\"img-inner image-cover dark\" style=\"padding-top:75%;\">\n\t\t\t<img loading=\"lazy\" decoding=\"async\" width=\"1500\" height=\"1001\" src=\"https:\/\/www.senson.fi\/wp-content\/uploads\/2020\/06\/senson_liquids_02.jpg\" class=\"attachment-original size-original\" alt=\"\" srcset=\"https:\/\/www.senson.fi\/wp-content\/uploads\/2020\/06\/senson_liquids_02.jpg 1500w, https:\/\/www.senson.fi\/wp-content\/uploads\/2020\/06\/senson_liquids_02-300x200.jpg 300w, https:\/\/www.senson.fi\/wp-content\/uploads\/2020\/06\/senson_liquids_02-1024x683.jpg 1024w, https:\/\/www.senson.fi\/wp-content\/uploads\/2020\/06\/senson_liquids_02-768x513.jpg 768w\" sizes=\"auto, (max-width: 1500px) 100vw, 1500px\" \/>\t\t\t\t\t\t\n\t\t\t\t\t<\/div>\n\t\t\t\t\t\t<\/a>\t\t\n<style>\n#image_1977448964 {\n  width: 100%;\n}\n<\/style>\n\t<\/div>\n\t\n\n\n     <\/div>\n\n     <div class=\"loading-spin dark large centered\"><\/div>\n\n\t<\/div>\n\n\n\n\t\t<\/div>\n\t\t\t\t\t<\/div>\n\n\t\n\n\t<div id=\"col-1687380267\" class=\"col medium-6 small-12 large-6\"  >\n\t\t\t\t<div class=\"col-inner\"  >\n\t\t\t\n\t\t\t\n\n<h1><span class=\"uppercase\">Senson Nat\u00fcrliche Beta-Amylase<\/span><br \/><span style=\"font-size: 0.75em;\">Betalase<\/span><\/h1>\n\t<div id=\"gap-2078124417\" class=\"gap-element clearfix\" style=\"display:block; height:auto;\">\n\t\t\n<style>\n#gap-2078124417 {\n  padding-top: 15px;\n}\n<\/style>\n\t<\/div>\n\t\n\n<p>Senson hat eine lange Tradition in der Herstellung nat\u00fcrlicher Gerstenmalz-Beta-Amylase-Enzympr\u00e4parate, insbesondere Senson Betalase 1500 EL. Dieses Produkt bietet die gleichen amylolytischen Aktivit\u00e4ten wie die Senson Active-Reihe, jedoch mit einem deutlich h\u00f6heren Aktivit\u00e4tsniveau.<\/p>\n<p>Senson Betalase 1500 EL ist besonders effektiv f\u00fcr die St\u00e4rkehydrolyse bei der Herstellung von Zuckersirupen. Sie kann auch als Verarbeitungshilfsmittel im Sudhaus dienen, indem sie die Verzuckerung w\u00e4hrend des Maischens f\u00f6rdert, insbesondere wenn die Malzmenge unzureichend ist, wie z. B. bei Gebr\u00e4uen mit einem hohen Anteil an Zusatzstoffen. In j\u00fcngster Zeit haben sich seine Anwendungsm\u00f6glichkeiten auf pflanzliche Milchalternativen wie \"Hafermilch\" ausgeweitet, bei denen das Beta-Amylase-Enzym dazu beitr\u00e4gt, den gew\u00fcnschten Geschmack und die Textur der Hauptzutat zu ver\u00e4ndern, wodurch sich neue Lebensmittelkategorien f\u00fcr den FMCG-Sektor er\u00f6ffnen.<\/p>\n<h2><strong>Produkt:<\/strong><\/h2>\n<ul>\n<li>Senson Betalase 1500 EL<\/li>\n<\/ul>\n\n\t\t<\/div>\n\t\t\t\t\t<\/div>\n\n\t\n\n\n<style>\n#row-1915243182 > .col > .col-inner {\n  padding: 0px 5px 0px 5px;\n}\n@media (min-width:550px) {\n  #row-1915243182 > .col > .col-inner {\n    padding: 0px 0px 0px 0px;\n  }\n}\n<\/style>\n<\/div>\n\n\t\t<\/div>\n\n\t\t\n<style>\n#section_1484207000 {\n  padding-top: 0px;\n  padding-bottom: 0px;\n}\n<\/style>\n\t<\/section>\n\t\n\n\t<section class=\"section\" id=\"section_1217779611\">\n\t\t<div class=\"section-bg fill\" >\n\t\t\t\t\t\t\t\t\t\n\t\t\t\n\n\t\t<\/div>\n\n\t\t\n\n\t\t<div class=\"section-content relative\">\n\t\t\t\n\n<div class=\"row\"  id=\"row-1882164374\">\n\n\n\t<div id=\"col-1139164528\" class=\"col small-12 large-12\"  >\n\t\t\t\t<div class=\"col-inner text-center\"  >\n\t\t\t\n\t\t\t\n\n\n\t\t<div class=\"tabbed-content\">\n\t\t\t<h4 class=\"uppercase text-left\">Infos<\/h4>\n\t\t\t<ul class=\"nav nav-tabs nav-uppercase nav-size-normal nav-left\" role=\"tablist\"><li id=\"tab-senson-betalase-1500-el\" class=\"tab active has-icon\" role=\"presentation\"><a href=\"#tab_senson-betalase-1500-el\" role=\"tab\" aria-selected=\"true\" aria-controls=\"tab_senson-betalase-1500-el\"><span>SENSON BETALASE 1500 el<\/span><\/a><\/li><\/ul><div class=\"tab-panels\"><div id=\"tab_senson-betalase-1500-el\" class=\"panel active entry-content\" role=\"tabpanel\" aria-labelledby=\"tab-senson-betalase-1500-el\">\n\n<p style=\"text-align: left;\">SENSON BETALASE 1500 EL ist ein Beta-Amylase-Enzympr\u00e4parat, das aus gem\u00e4lzter Gerste gewonnen wird. Neben der Beta-Amylase-Aktivit\u00e4t enth\u00e4lt SENSON BETALASE 1500 EL Alpha-Amylase und eine geringe Menge anderer hydrolytischer Enzymaktivit\u00e4ten.BETALASE 1500 EL ist eine br\u00e4unliche, tr\u00fcbe und leicht viskose Fl\u00fcssigkeit.<\/p>\n<table id=\"product\">\n<tbody>\n<tr>\n<th>\n<h4>Name der Produkte<\/h4>\n<\/th>\n<th>\n<h4>DP\u00b0\/g<\/h4>\n<\/th>\n<th>\n<h4>ALPHA-Amylase <br \/>DU\/g<\/h4>\n<\/th>\n<th>\n<h4>pH-Wert<\/h4>\n<\/th>\n<th>\n<h4>Viskosit\u00e4t mPas, <br \/>20\u00b0C<\/h4>\n<\/th>\n<th>\n<h4>\u00a0<\/h4>\n<\/th>\n<\/tr>\n<tr>\n<td>Senson Betalase 1500 EL<\/td>\n<td>&gt;1200<\/td>\n<td>&gt;300<\/td>\n<td>5.2-6.2<\/td>\n<td>&lt;200<\/td>\n<td>\u00a0<\/td>\n<\/tr>\n<\/tbody>\n<\/table>\n\n<\/div><\/div><\/div>\n\n\t\t<\/div>\n\t\t\t\t\t<\/div>\n\n\t\n\n\n<style>\n#row-1882164374 > .col > .col-inner {\n  padding: 35px 5px 0px 5px;\n}\n@media (min-width:550px) {\n  #row-1882164374 > .col > .col-inner {\n    padding: 35px 0px 0px 0px;\n  }\n}\n<\/style>\n<\/div>\n\n\t\t<\/div>\n\n\t\t\n<style>\n#section_1217779611 {\n  padding-top: 0px;\n  padding-bottom: 0px;\n}\n<\/style>\n\t<\/section>\n\t\n\n\t<section class=\"section\" id=\"section_1810161330\">\n\t\t<div class=\"section-bg fill\" >\n\t\t\t\t\t\t\t\t\t\n\t\t\t\n\n\t\t<\/div>\n\n\t\t\n\n\t\t<div class=\"section-content relative\">\n\t\t\t\n\n<div class=\"row\"  id=\"row-1215247788\">\n\n\n\t<div id=\"col-17593561\" class=\"col small-12 large-12\"  >\n\t\t\t\t<div class=\"col-inner\"  >\n\t\t\t\n\t\t\t\n\n\n  \n    <div class=\"row large-columns-3 medium-columns-2 small-columns-1 slider row-slider slider-nav-reveal slider-nav-push\"  data-flickity-options='{&quot;imagesLoaded&quot;: true, &quot;groupCells&quot;: &quot;100%&quot;, &quot;dragThreshold&quot; : 5, &quot;cellAlign&quot;: &quot;left&quot;,&quot;wrapAround&quot;: true,&quot;prevNextButtons&quot;: true,&quot;percentPosition&quot;: true,&quot;pageDots&quot;: false, &quot;rightToLeft&quot;: false, &quot;autoPlay&quot; : false}' >\n\n  <div class=\"col post-item\" >\n\t\t\t<div class=\"col-inner\">\n\t\t\t\t<div class=\"box box-normal box-text-bottom box-blog-post has-hover\">\n            \t\t\t\t\t<div class=\"box-image\" >\n  \t\t\t\t\t\t<div class=\"image-cover\" style=\"padding-top:56.25%;\">\n\t\t\t\t\t\t\t<a href=\"https:\/\/www.senson.fi\/de\/natural-beta-amylase\/senson-betalase-1500-el-plant-based-enzyme-for-oat-milk-production\/\" class=\"plain\" aria-label=\"Senson Betalase 1500 EL - St\u00e4rkehydrolysierendes Enzym auf Pflanzenbasis f\u00fcr die Hafermilchproduktion\">\n\t\t\t\t\t\t\t\t<img loading=\"lazy\" decoding=\"async\" width=\"300\" height=\"200\" src=\"https:\/\/www.senson.fi\/wp-content\/uploads\/2023\/03\/senson_oat_milk_08-300x200.jpg\" class=\"attachment-medium size-medium wp-post-image\" alt=\"\" srcset=\"https:\/\/www.senson.fi\/wp-content\/uploads\/2023\/03\/senson_oat_milk_08-300x200.jpg 300w, https:\/\/www.senson.fi\/wp-content\/uploads\/2023\/03\/senson_oat_milk_08-1024x683.jpg 1024w, https:\/\/www.senson.fi\/wp-content\/uploads\/2023\/03\/senson_oat_milk_08-768x512.jpg 768w, https:\/\/www.senson.fi\/wp-content\/uploads\/2023\/03\/senson_oat_milk_08.jpg 1200w\" sizes=\"auto, (max-width: 300px) 100vw, 300px\" \/>\t\t\t\t\t\t\t<\/a>\n  \t\t\t\t\t\t\t  \t\t\t\t\t\t\t  \t\t\t\t\t\t<\/div>\n  \t\t\t\t\t\t  \t\t\t\t\t<\/div>\n          \t\t\t\t\t<div class=\"box-text text-center\" >\n\t\t\t\t\t<div class=\"box-text-inner blog-post-inner\">\n\n\t\t\t\t\t\n\t\t\t\t\t\t\t\t\t\t\t<p class=\"cat-label tag-label is-xxsmall op-7 uppercase\">\n\t\t\t\t\tNat\u00fcrliche Beta-Amylase \t\t\t\t\t<\/p>\n\t\t\t\t\t\t\t\t\t\t<h5 class=\"post-title is-large\">\n\t\t\t\t\t\t<a href=\"https:\/\/www.senson.fi\/de\/natural-beta-amylase\/senson-betalase-1500-el-plant-based-enzyme-for-oat-milk-production\/\" class=\"plain\">Senson Betalase 1500 EL - St\u00e4rkehydrolysierendes Enzym auf Pflanzenbasis f\u00fcr die Hafermilchproduktion<\/a>\n\t\t\t\t\t<\/h5>\n\t\t\t\t\t\t\t\t\t\t<div class=\"is-divider\"><\/div>\n\t\t\t\t\t\t\t\t\t\t<p class=\"from_the_blog_excerpt\">\n\t\t\t\t\t\tSenson Oy ist ein Spezialist f\u00fcr die Herstellung nachhaltiger nordischer Zutaten auf Pflanzenbasis. Seit 1984 haben wir...\t\t\t\t\t<\/p>\n\t\t\t\t\t                    \n\t\t\t\t\t\t\t\t\t\t\t<a href=\"https:\/\/www.senson.fi\/de\/natural-beta-amylase\/senson-betalase-1500-el-plant-based-enzyme-for-oat-milk-production\/\" class=\"button primary is-outline is-small mb-0\">\n\t\t\t\t\t\t\tMehr lesen\t\t\t\t\t\t<\/a>\n\t\t\t\t\t\n\t\t\t\t\t\n\t\t\t\t\t<\/div>\n\t\t\t\t\t<\/div>\n\t\t\t\t\t\t\t\t\t<\/div>\n\t\t\t<\/div>\n\t\t<\/div><\/div>\n\n\n\t\t<\/div>\n\t\t\t\t\t<\/div>\n\n\t\n\n<\/div>\n\n\t\t<\/div>\n\n\t\t\n<style>\n#section_1810161330 {\n  padding-top: 30px;\n  padding-bottom: 30px;\n}\n<\/style>\n\t<\/section>","protected":false},"excerpt":{"rendered":"","protected":false},"author":1,"featured_media":0,"parent":482,"menu_order":0,"comment_status":"closed","ping_status":"closed","template":"page-blank.php","meta":{"footnotes":""},"class_list":["post-901","page","type-page","status-publish","hentry"],"yoast_head":"<!-- This site is optimized with the Yoast SEO plugin v27.4 - https:\/\/yoast.com\/product\/yoast-seo-wordpress\/ -->\n<title>Senson Natural Beta-Amylase - Senson<\/title>\n<meta name=\"robots\" content=\"index, follow, max-snippet:-1, max-image-preview:large, max-video-preview:-1\" \/>\n<link rel=\"canonical\" href=\"https:\/\/www.senson.fi\/de\/produkte\/senson-naturliche-beta-amylase\/\" \/>\n<meta property=\"og:locale\" content=\"de_DE\" \/>\n<meta property=\"og:type\" content=\"article\" \/>\n<meta property=\"og:title\" content=\"Senson Natural Beta-Amylase - Senson\" \/>\n<meta property=\"og:url\" content=\"https:\/\/www.senson.fi\/de\/produkte\/senson-naturliche-beta-amylase\/\" \/>\n<meta property=\"og:site_name\" content=\"Senson\" \/>\n<meta property=\"article:modified_time\" content=\"2024-11-11T07:33:32+00:00\" \/>\n<meta name=\"twitter:card\" content=\"summary_large_image\" \/>\n<meta name=\"twitter:label1\" content=\"Gesch\u00e4tzte Lesezeit\" \/>\n\t<meta name=\"twitter:data1\" content=\"2\u00a0Minuten\" \/>\n<script type=\"application\/ld+json\" class=\"yoast-schema-graph\">{\"@context\":\"https:\\\/\\\/schema.org\",\"@graph\":[{\"@type\":\"WebPage\",\"@id\":\"https:\\\/\\\/www.senson.fi\\\/products\\\/senson-natural-beta-amylase\\\/\",\"url\":\"https:\\\/\\\/www.senson.fi\\\/products\\\/senson-natural-beta-amylase\\\/\",\"name\":\"Senson Natural Beta-Amylase - Senson\",\"isPartOf\":{\"@id\":\"https:\\\/\\\/www.senson.fi\\\/#website\"},\"datePublished\":\"2020-06-02T04:52:19+00:00\",\"dateModified\":\"2024-11-11T07:33:32+00:00\",\"breadcrumb\":{\"@id\":\"https:\\\/\\\/www.senson.fi\\\/products\\\/senson-natural-beta-amylase\\\/#breadcrumb\"},\"inLanguage\":\"de\",\"potentialAction\":[{\"@type\":\"ReadAction\",\"target\":[\"https:\\\/\\\/www.senson.fi\\\/products\\\/senson-natural-beta-amylase\\\/\"]}]},{\"@type\":\"BreadcrumbList\",\"@id\":\"https:\\\/\\\/www.senson.fi\\\/products\\\/senson-natural-beta-amylase\\\/#breadcrumb\",\"itemListElement\":[{\"@type\":\"ListItem\",\"position\":1,\"name\":\"Home\",\"item\":\"https:\\\/\\\/www.senson.fi\\\/\"},{\"@type\":\"ListItem\",\"position\":2,\"name\":\"Products\",\"item\":\"https:\\\/\\\/www.senson.fi\\\/products\\\/\"},{\"@type\":\"ListItem\",\"position\":3,\"name\":\"Senson Natural Beta-Amylase\"}]},{\"@type\":\"WebSite\",\"@id\":\"https:\\\/\\\/www.senson.fi\\\/#website\",\"url\":\"https:\\\/\\\/www.senson.fi\\\/\",\"name\":\"Senson\",\"description\":\"More by Nature\",\"potentialAction\":[{\"@type\":\"SearchAction\",\"target\":{\"@type\":\"EntryPoint\",\"urlTemplate\":\"https:\\\/\\\/www.senson.fi\\\/?s={search_term_string}\"},\"query-input\":{\"@type\":\"PropertyValueSpecification\",\"valueRequired\":true,\"valueName\":\"search_term_string\"}}],\"inLanguage\":\"de\"}]}<\/script>\n<!-- \/ Yoast SEO plugin. -->","yoast_head_json":{"title":"Senson Nat\u00fcrliche Beta-Amylase - Senson","robots":{"index":"index","follow":"follow","max-snippet":"max-snippet:-1","max-image-preview":"max-image-preview:large","max-video-preview":"max-video-preview:-1"},"canonical":"https:\/\/www.senson.fi\/de\/produkte\/senson-naturliche-beta-amylase\/","og_locale":"de_DE","og_type":"article","og_title":"Senson Natural Beta-Amylase - Senson","og_url":"https:\/\/www.senson.fi\/de\/produkte\/senson-naturliche-beta-amylase\/","og_site_name":"Senson","article_modified_time":"2024-11-11T07:33:32+00:00","twitter_card":"summary_large_image","twitter_misc":{"Gesch\u00e4tzte Lesezeit":"2\u00a0Minuten"},"schema":{"@context":"https:\/\/schema.org","@graph":[{"@type":"WebPage","@id":"https:\/\/www.senson.fi\/products\/senson-natural-beta-amylase\/","url":"https:\/\/www.senson.fi\/products\/senson-natural-beta-amylase\/","name":"Senson Nat\u00fcrliche Beta-Amylase - Senson","isPartOf":{"@id":"https:\/\/www.senson.fi\/#website"},"datePublished":"2020-06-02T04:52:19+00:00","dateModified":"2024-11-11T07:33:32+00:00","breadcrumb":{"@id":"https:\/\/www.senson.fi\/products\/senson-natural-beta-amylase\/#breadcrumb"},"inLanguage":"de","potentialAction":[{"@type":"ReadAction","target":["https:\/\/www.senson.fi\/products\/senson-natural-beta-amylase\/"]}]},{"@type":"BreadcrumbList","@id":"https:\/\/www.senson.fi\/products\/senson-natural-beta-amylase\/#breadcrumb","itemListElement":[{"@type":"ListItem","position":1,"name":"Home","item":"https:\/\/www.senson.fi\/"},{"@type":"ListItem","position":2,"name":"Products","item":"https:\/\/www.senson.fi\/products\/"},{"@type":"ListItem","position":3,"name":"Senson Natural Beta-Amylase"}]},{"@type":"WebSite","@id":"https:\/\/www.senson.fi\/#website","url":"https:\/\/www.senson.fi\/","name":"Senson","description":"More by Nature","potentialAction":[{"@type":"SearchAction","target":{"@type":"EntryPoint","urlTemplate":"https:\/\/www.senson.fi\/?s={search_term_string}"},"query-input":{"@type":"PropertyValueSpecification","valueRequired":true,"valueName":"search_term_string"}}],"inLanguage":"de"}]}},"_links":{"self":[{"href":"https:\/\/www.senson.fi\/de\/wp-json\/wp\/v2\/pages\/901","targetHints":{"allow":["GET"]}}],"collection":[{"href":"https:\/\/www.senson.fi\/de\/wp-json\/wp\/v2\/pages"}],"about":[{"href":"https:\/\/www.senson.fi\/de\/wp-json\/wp\/v2\/types\/page"}],"author":[{"embeddable":true,"href":"https:\/\/www.senson.fi\/de\/wp-json\/wp\/v2\/users\/1"}],"replies":[{"embeddable":true,"href":"https:\/\/www.senson.fi\/de\/wp-json\/wp\/v2\/comments?post=901"}],"version-history":[{"count":26,"href":"https:\/\/www.senson.fi\/de\/wp-json\/wp\/v2\/pages\/901\/revisions"}],"predecessor-version":[{"id":5616,"href":"https:\/\/www.senson.fi\/de\/wp-json\/wp\/v2\/pages\/901\/revisions\/5616"}],"up":[{"embeddable":true,"href":"https:\/\/www.senson.fi\/de\/wp-json\/wp\/v2\/pages\/482"}],"wp:attachment":[{"href":"https:\/\/www.senson.fi\/de\/wp-json\/wp\/v2\/media?parent=901"}],"curies":[{"name":"wp","href":"https:\/\/api.w.org\/{rel}","templated":true}]}}