{"id":899,"date":"2020-06-02T07:52:01","date_gmt":"2020-06-02T04:52:01","guid":{"rendered":"https:\/\/www.senson.fi\/?page_id=899"},"modified":"2021-04-15T10:40:42","modified_gmt":"2021-04-15T07:40:42","slug":"sensibel-aktiv","status":"publish","type":"page","link":"https:\/\/www.senson.fi\/de\/products\/senson-active\/","title":{"rendered":"Senson Active"},"content":{"rendered":"<section class=\"section\" id=\"section_1233406752\">\n\t\t<div class=\"section-bg fill\" >\n\t\t\t\t\t\t\t\t\t\n\t\t\t\n\n\t\t<\/div>\n\n\t\t\n\n\t\t<div class=\"section-content relative\">\n\t\t\t\n<div class=\"row align-center\"  id=\"row-731152533\">\n\n\t<div id=\"col-927630183\" class=\"col medium-6 small-12 large-6\"  >\n\t\t\t\t<div class=\"col-inner\"  >\n\t\t\t\n\t\t\t\n<div class=\"slider-wrapper relative\" id=\"slider-1689570649\" >\n    <div class=\"slider slider-nav-simple slider-nav-normal slider-nav-light slider-style-normal slider-show-nav\"\n        data-flickity-options='{            \"cellAlign\": \"center\",            \"imagesLoaded\": true,            \"lazyLoad\": 1,            \"freeScroll\": true,            \"wrapAround\": true,            \"autoPlay\": 2000,            \"pauseAutoPlayOnHover\" : true,            \"prevNextButtons\": true,            \"contain\" : true,            \"adaptiveHeight\" : true,            \"dragThreshold\" : 10,            \"percentPosition\": true,            \"pageDots\": true,            \"rightToLeft\": false,            \"draggable\": false,            \"selectedAttraction\": 0.1,            \"parallax\" : 0,            \"friction\": 0.6        }'\n        >\n        \n\n  <div class=\"banner has-hover\" id=\"banner-1511368077\">\n          <div class=\"banner-inner fill\">\n        <div class=\"banner-bg fill\" >\n            <img loading=\"lazy\" decoding=\"async\" width=\"1020\" height=\"574\" src=\"https:\/\/www.senson.fi\/wp-content\/uploads\/2020\/05\/Senson_gradient_1_RGB-1024x576.jpg\" class=\"bg attachment-large size-large\" alt=\"\" \/>                        <div class=\"overlay\"><\/div>            \n                    <\/div>\n\t\t\n        <div class=\"banner-layers container\">\n            <div class=\"fill banner-link\"><\/div>            \n   <div id=\"text-box-1836086207\" class=\"text-box banner-layer x50 md-x50 lg-x50 y50 md-y50 lg-y50 res-text\">\n                                <div class=\"text-box-content text dark\">\n              \n              <div class=\"text-inner text-center\">\n                  \n<p class=\"uppercase\"><span style=\"font-size: 300%;\"><strong>Senson Active<\/strong><\/span><\/p>\n              <\/div>\n           <\/div>\n                            \n<style>\n#text-box-1836086207 {\n  width: 60%;\n}\n#text-box-1836086207 .text-box-content {\n  font-size: 100%;\n}\n<\/style>\n    <\/div>\n \n        <\/div>\n      <\/div>\n\n            \n<style>\n#banner-1511368077 {\n  padding-top: 75%;\n}\n#banner-1511368077 .overlay {\n  background-color: rgba(0, 0, 0, 0.17);\n}\n<\/style>\n  <\/div>\n\n\n\t<div class=\"img has-hover x md-x lg-x y md-y lg-y\" id=\"image_1613959639\">\n\t\t<a class=\"image-lightbox lightbox-gallery\" title=\"\" href=\"https:\/\/www.senson.fi\/wp-content\/uploads\/2020\/06\/senson_bakery_02-1024x683.jpg\">\t\t\t\t\t\t<div class=\"img-inner image-cover dark\" style=\"padding-top:75%;\">\n\t\t\t<img loading=\"lazy\" decoding=\"async\" width=\"1500\" height=\"1000\" src=\"https:\/\/www.senson.fi\/wp-content\/uploads\/2020\/06\/senson_bakery_02.jpg\" class=\"attachment-original size-original\" alt=\"\" srcset=\"https:\/\/www.senson.fi\/wp-content\/uploads\/2020\/06\/senson_bakery_02.jpg 1500w, https:\/\/www.senson.fi\/wp-content\/uploads\/2020\/06\/senson_bakery_02-300x200.jpg 300w, https:\/\/www.senson.fi\/wp-content\/uploads\/2020\/06\/senson_bakery_02-1024x683.jpg 1024w, https:\/\/www.senson.fi\/wp-content\/uploads\/2020\/06\/senson_bakery_02-768x512.jpg 768w\" sizes=\"auto, (max-width: 1500px) 100vw, 1500px\" \/>\t\t\t\t\t\t\n\t\t\t\t\t<\/div>\n\t\t\t\t\t\t<\/a>\t\t\n<style>\n#image_1613959639 {\n  width: 100%;\n}\n<\/style>\n\t<\/div>\n\t\n     <\/div>\n\n     <div class=\"loading-spin dark large centered\"><\/div>\n\n\t<\/div>\n\n\n\t\t<\/div>\n\t\t\t\t\t<\/div>\n\n\t\n\n\t<div id=\"col-1392456619\" class=\"col medium-6 small-12 large-6\"  >\n\t\t\t\t<div class=\"col-inner\"  >\n\t\t\t\n\t\t\t\n<h1><span class=\"uppercase\">Senson Active<\/span><br \/>\n<span style=\"font-size: 0.75em;\">Aktive fl\u00fcssige Malzextrakte<\/span><\/h1>\n\t<div id=\"gap-1975480057\" class=\"gap-element clearfix\" style=\"display:block; height:auto;\">\n\t\t\n<style>\n#gap-1975480057 {\n  padding-top: 15px;\n}\n<\/style>\n\t<\/div>\n\t\n<p>Die Senson Active Liquid Malt Serie wird auch als diastatische Malzextrakte bezeichnet. Es handelt sich um fl\u00fcssige Enzympr\u00e4parate, die ausschlie\u00dflich aus gem\u00e4lzter Gerste gewonnen werden. Aufgrund unseres eigenen Herstellungsverfahrens haben Senson Active-Produkte fast alle nat\u00fcrlichen Enzyme mit dominierenden Beta-Amylase-Aktivit\u00e4ten, die in Malz zu finden sind, aktiv erhalten.<\/p>\n<p>Es gibt mehrere Anwendungen f\u00fcr Senson Active-Produkte. Eine der wichtigsten ist das Backen, unter anderem zur Verbesserung der Hefebildung durch Verzuckerung von St\u00e4rke und zur Verbesserung der Teigeigenschaften beim Backen von Hartweizen. Neben der verbesserten Verzuckerung profitiert das Brot auch von den anderen Eigenschaften der Malzextrakte, wie Geschmack, Farbe und Aroma. Die hochaktiven Produkte werden dort eingesetzt, wo eine vollst\u00e4ndigere Hydrolyse der St\u00e4rke erforderlich ist.<\/p>\n<h2><strong>Produkte:<\/strong><\/h2>\n<ul>\n<li>Senson Active Liquid Malt 60<\/li>\n<li>Senson Active Liquid Malt 1200<\/li>\n<\/ul>\n\t\t<\/div>\n\t\t\t\t\t<\/div>\n\n\t\n\n<style>\n#row-731152533 > .col > .col-inner {\n  padding: 0px 5px 0px 5px;\n}\n@media (min-width:550px) {\n  #row-731152533 > .col > .col-inner {\n    padding: 0px 0px 0px 0px;\n  }\n}\n<\/style>\n<\/div>\n\t\t<\/div>\n\n\t\t\n<style>\n#section_1233406752 {\n  padding-top: 0px;\n  padding-bottom: 0px;\n}\n<\/style>\n\t<\/section>\n\t\n\n\t<section class=\"section\" id=\"section_1231290350\">\n\t\t<div class=\"section-bg fill\" >\n\t\t\t\t\t\t\t\t\t\n\t\t\t\n\n\t\t<\/div>\n\n\t\t\n\n\t\t<div class=\"section-content relative\">\n\t\t\t\n<div class=\"row\"  id=\"row-1678071335\">\n\n\t<div id=\"col-2025414343\" class=\"col small-12 large-12\"  >\n\t\t\t\t<div class=\"col-inner text-center\"  >\n\t\t\t\n\t\t\t\n\n\t\t<div class=\"tabbed-content\">\n\t\t\t<h4 class=\"uppercase text-left\">Infos<\/h4>\n\t\t\t<ul class=\"nav nav-tabs nav-uppercase nav-size-normal nav-left\" role=\"tablist\"><li id=\"tab-senson-active-liquid-malt-60\" class=\"tab active has-icon\" role=\"presentation\"><a href=\"#tab_senson-active-liquid-malt-60\" role=\"tab\" aria-selected=\"true\" aria-controls=\"tab_senson-active-liquid-malt-60\"><span>SENSON ACTIVE LIQUID MALT 60<\/span><\/a><\/li>\n<li id=\"tab-senson-active-liquid-malt-1200\" class=\"tab has-icon\" role=\"presentation\"><a href=\"#tab_senson-active-liquid-malt-1200\" tabindex=\"-1\" role=\"tab\" aria-selected=\"false\" aria-controls=\"tab_senson-active-liquid-malt-1200\"><span>SENSON Active LIQUID Malt 1200<\/span><\/a><\/li><\/ul><div class=\"tab-panels\"><div id=\"tab_senson-active-liquid-malt-60\" class=\"panel active entry-content\" role=\"tabpanel\" aria-labelledby=\"tab-senson-active-liquid-malt-60\">\n<p style=\"text-align: left;\">SENSON ACTIVE LIQUID MALT 60 ist ein diastatischer Malzextrakt mit geringer Aktivit\u00e4t und hellbrauner Farbe. Er wird aus Gerstenmalz hergestellt und hat einen charakteristischen Malzgeschmack.<\/p>\n<table id=\"product\">\n<tbody>\n<tr>\n<th>\n<h4>Name der Produkte<\/h4>\n<\/th>\n<th>\n<h4>Farbe EBC,<br \/>\n10%w\/v<\/h4>\n<\/th>\n<th>\n<h4>DP\u00b0\/g<\/h4>\n<\/th>\n<th>\n<h4>Brix<\/h4>\n<\/th>\n<th>\n<h4>pH-Wert<\/h4>\n<\/th>\n<th>\n<h4>Viskosit\u00e4t mPas,<br \/>\n20\u00b0C<\/h4>\n<\/th>\n<\/tr>\n<tr>\n<td>Senson Active Liquid Malt 60<\/td>\n<td>3-30<\/td>\n<td>58-65<\/td>\n<td>80-82<\/td>\n<td>5.0-6.0<\/td>\n<td>&lt;60000<\/td>\n<\/tr>\n<tr>\n<td>Senson Active Liquid Malt 1200<\/td>\n<td>5-45<\/td>\n<td>1200-1280<\/td>\n<td>65-71<\/td>\n<td>5.0-6.0<\/td>\n<td>&lt;5000<\/td>\n<\/tr>\n<\/tbody>\n<\/table>\n<\/div>\n<div id=\"tab_senson-active-liquid-malt-1200\" class=\"panel entry-content\" role=\"tabpanel\" aria-labelledby=\"tab-senson-active-liquid-malt-1200\">\n<p style=\"text-align: left;\">SENSON ACTIVE LIQUID MALT 1200 ist ein diastatischer Malzextrakt mit besonders hoher Aktivit\u00e4t und hellbrauner Farbe. Er wird aus gem\u00e4lzter Gerste hergestellt.<\/p>\n<table id=\"product\">\n<tbody>\n<tr>\n<th>\n<h4>Name der Produkte<\/h4>\n<\/th>\n<th>\n<h4>Farbe EBC,<br \/>\n10%w\/v<\/h4>\n<\/th>\n<th>\n<h4>DP\u00b0\/g<\/h4>\n<\/th>\n<th>\n<h4>Brix<\/h4>\n<\/th>\n<th>\n<h4>pH-Wert<\/h4>\n<\/th>\n<th>\n<h4>Viskosit\u00e4t mPas,<br \/>\n20\u00b0C<\/h4>\n<\/th>\n<\/tr>\n<tr>\n<td>Senson Active Liquid Malt 60<\/td>\n<td>3-30<\/td>\n<td>58-65<\/td>\n<td>80-82<\/td>\n<td>5.0-6.0<\/td>\n<td>&lt;60000<\/td>\n<\/tr>\n<tr>\n<td>Senson Active Liquid Malt 1200<\/td>\n<td>5-45<\/td>\n<td>1200-1280<\/td>\n<td>65-71<\/td>\n<td>5.0-6.0<\/td>\n<td>&lt;5000<\/td>\n<\/tr>\n<\/tbody>\n<\/table>\n<\/div><\/div><\/div>\n\t\t<\/div>\n\t\t\t\t\t<\/div>\n\n\t\n\n<style>\n#row-1678071335 > .col > .col-inner {\n  padding: 35px 5px 0px 5px;\n}\n@media (min-width:550px) {\n  #row-1678071335 > .col > .col-inner {\n    padding: 35px 0px 0px 0px;\n  }\n}\n<\/style>\n<\/div>\n\t\t<\/div>\n\n\t\t\n<style>\n#section_1231290350 {\n  padding-top: 0px;\n  padding-bottom: 0px;\n}\n<\/style>\n\t<\/section>\n\t\n\n\t<section class=\"section\" id=\"section_1072631185\">\n\t\t<div class=\"section-bg fill\" >\n\t\t\t\t\t\t\t\t\t\n\t\t\t\n\n\t\t<\/div>\n\n\t\t\n\n\t\t<div class=\"section-content relative\">\n\t\t\t\n<div class=\"row\"  id=\"row-998378872\">\n\n\t<div id=\"col-1584333492\" class=\"col small-12 large-12\"  >\n\t\t\t\t<div class=\"col-inner\"  >\n\t\t\t\n\t\t\t\n\n  \n    <div class=\"row large-columns-3 medium-columns-2 small-columns-1 slider row-slider slider-nav-reveal slider-nav-push\"  data-flickity-options='{&quot;imagesLoaded&quot;: true, &quot;groupCells&quot;: &quot;100%&quot;, &quot;dragThreshold&quot; : 5, &quot;cellAlign&quot;: &quot;left&quot;,&quot;wrapAround&quot;: true,&quot;prevNextButtons&quot;: true,&quot;percentPosition&quot;: true,&quot;pageDots&quot;: false, &quot;rightToLeft&quot;: false, &quot;autoPlay&quot; : false}' >\n\n  <div class=\"col post-item\" >\n\t\t\t<div class=\"col-inner\">\n\t\t\t\t<div class=\"box box-normal box-text-bottom box-blog-post has-hover\">\n            \t\t\t\t\t<div class=\"box-image\" >\n  \t\t\t\t\t\t<div class=\"image-cover\" style=\"padding-top:56.25%;\">\n\t\t\t\t\t\t\t<a href=\"https:\/\/www.senson.fi\/de\/senson\/making-authentic-italian-bread-at-the-salpaus-bakery-school\/\" class=\"plain\" aria-label=\"Herstellung von echtem italienischem Brot in der B\u00e4ckereischule Salpaus\">\n\t\t\t\t\t\t\t\t<img loading=\"lazy\" decoding=\"async\" width=\"196\" height=\"300\" src=\"https:\/\/www.senson.fi\/wp-content\/uploads\/2024\/05\/Salpaus-Italian-bakery-day-e1716811537988-196x300.jpg\" class=\"attachment-medium size-medium wp-post-image\" alt=\"\" srcset=\"https:\/\/www.senson.fi\/wp-content\/uploads\/2024\/05\/Salpaus-Italian-bakery-day-e1716811537988-196x300.jpg 196w, https:\/\/www.senson.fi\/wp-content\/uploads\/2024\/05\/Salpaus-Italian-bakery-day-e1716811537988-768x1177.jpg 768w, https:\/\/www.senson.fi\/wp-content\/uploads\/2024\/05\/Salpaus-Italian-bakery-day-e1716811537988-668x1024.jpg 668w, https:\/\/www.senson.fi\/wp-content\/uploads\/2024\/05\/Salpaus-Italian-bakery-day-e1716811537988.jpg 800w\" sizes=\"auto, (max-width: 196px) 100vw, 196px\" \/>\t\t\t\t\t\t\t<\/a>\n  \t\t\t\t\t\t\t  \t\t\t\t\t\t\t  \t\t\t\t\t\t<\/div>\n  \t\t\t\t\t\t  \t\t\t\t\t<\/div>\n          \t\t\t\t\t<div class=\"box-text text-center\" >\n\t\t\t\t\t<div class=\"box-text-inner blog-post-inner\">\n\n\t\t\t\t\t\n\t\t\t\t\t\t\t\t\t\t\t<p class=\"cat-label tag-label is-xxsmall op-7 uppercase\">\n\t\t\t\t\tAktiver Common Senson \t\t\t\t\t<\/p>\n\t\t\t\t\t\t\t\t\t\t<h5 class=\"post-title is-large\">\n\t\t\t\t\t\t<a href=\"https:\/\/www.senson.fi\/de\/senson\/making-authentic-italian-bread-at-the-salpaus-bakery-school\/\" class=\"plain\">Herstellung von echtem italienischem Brot in der B\u00e4ckereischule Salpaus<\/a>\n\t\t\t\t\t<\/h5>\n\t\t\t\t\t\t\t\t\t\t<div class=\"is-divider\"><\/div>\n\t\t\t\t\t\t\t\t\t\t<p class=\"from_the_blog_excerpt\">\n\t\t\t\t\t\tWie lernt man am besten, wie man italienische Backspezialit\u00e4ten herstellt? Wie...\t\t\t\t\t<\/p>\n\t\t\t\t\t                    \n\t\t\t\t\t\t\t\t\t\t\t<a href=\"https:\/\/www.senson.fi\/de\/senson\/making-authentic-italian-bread-at-the-salpaus-bakery-school\/\" class=\"button primary is-outline is-small mb-0\">\n\t\t\t\t\t\t\tMehr lesen\t\t\t\t\t\t<\/a>\n\t\t\t\t\t\n\t\t\t\t\t\n\t\t\t\t\t<\/div>\n\t\t\t\t\t<\/div>\n\t\t\t\t\t\t\t\t\t<\/div>\n\t\t\t<\/div>\n\t\t<\/div><\/div>\n\t\t<\/div>\n\t\t\t\t\t<\/div>\n\n\t\n<\/div>\n\t\t<\/div>\n\n\t\t\n<style>\n#section_1072631185 {\n  padding-top: 30px;\n  padding-bottom: 30px;\n}\n<\/style>\n\t<\/section>","protected":false},"excerpt":{"rendered":"","protected":false},"author":1,"featured_media":0,"parent":482,"menu_order":0,"comment_status":"closed","ping_status":"closed","template":"page-blank.php","meta":{"footnotes":""},"class_list":["post-899","page","type-page","status-publish","hentry"],"yoast_head":"<!-- This site is optimized with the Yoast SEO plugin v27.4 - https:\/\/yoast.com\/product\/yoast-seo-wordpress\/ -->\n<title>Senson Active - Senson<\/title>\n<meta name=\"robots\" content=\"index, follow, max-snippet:-1, max-image-preview:large, max-video-preview:-1\" \/>\n<link rel=\"canonical\" href=\"https:\/\/www.senson.fi\/de\/produkte\/sensibel-aktiv\/\" \/>\n<meta property=\"og:locale\" content=\"de_DE\" \/>\n<meta property=\"og:type\" content=\"article\" \/>\n<meta property=\"og:title\" content=\"Senson Active - Senson\" \/>\n<meta property=\"og:url\" content=\"https:\/\/www.senson.fi\/de\/produkte\/sensibel-aktiv\/\" \/>\n<meta property=\"og:site_name\" content=\"Senson\" \/>\n<meta property=\"article:modified_time\" content=\"2021-04-15T07:40:42+00:00\" \/>\n<meta name=\"twitter:card\" content=\"summary_large_image\" \/>\n<meta name=\"twitter:label1\" content=\"Gesch\u00e4tzte Lesezeit\" \/>\n\t<meta name=\"twitter:data1\" content=\"2\u00a0Minuten\" \/>\n<script type=\"application\/ld+json\" class=\"yoast-schema-graph\">{\"@context\":\"https:\\\/\\\/schema.org\",\"@graph\":[{\"@type\":\"WebPage\",\"@id\":\"https:\\\/\\\/www.senson.fi\\\/products\\\/senson-active\\\/\",\"url\":\"https:\\\/\\\/www.senson.fi\\\/products\\\/senson-active\\\/\",\"name\":\"Senson Active - Senson\",\"isPartOf\":{\"@id\":\"https:\\\/\\\/www.senson.fi\\\/#website\"},\"datePublished\":\"2020-06-02T04:52:01+00:00\",\"dateModified\":\"2021-04-15T07:40:42+00:00\",\"breadcrumb\":{\"@id\":\"https:\\\/\\\/www.senson.fi\\\/products\\\/senson-active\\\/#breadcrumb\"},\"inLanguage\":\"de\",\"potentialAction\":[{\"@type\":\"ReadAction\",\"target\":[\"https:\\\/\\\/www.senson.fi\\\/products\\\/senson-active\\\/\"]}]},{\"@type\":\"BreadcrumbList\",\"@id\":\"https:\\\/\\\/www.senson.fi\\\/products\\\/senson-active\\\/#breadcrumb\",\"itemListElement\":[{\"@type\":\"ListItem\",\"position\":1,\"name\":\"Home\",\"item\":\"https:\\\/\\\/www.senson.fi\\\/\"},{\"@type\":\"ListItem\",\"position\":2,\"name\":\"Products\",\"item\":\"https:\\\/\\\/www.senson.fi\\\/products\\\/\"},{\"@type\":\"ListItem\",\"position\":3,\"name\":\"Senson Active\"}]},{\"@type\":\"WebSite\",\"@id\":\"https:\\\/\\\/www.senson.fi\\\/#website\",\"url\":\"https:\\\/\\\/www.senson.fi\\\/\",\"name\":\"Senson\",\"description\":\"More by Nature\",\"potentialAction\":[{\"@type\":\"SearchAction\",\"target\":{\"@type\":\"EntryPoint\",\"urlTemplate\":\"https:\\\/\\\/www.senson.fi\\\/?s={search_term_string}\"},\"query-input\":{\"@type\":\"PropertyValueSpecification\",\"valueRequired\":true,\"valueName\":\"search_term_string\"}}],\"inLanguage\":\"de\"}]}<\/script>\n<!-- \/ Yoast SEO plugin. -->","yoast_head_json":{"title":"Senson Aktiv - Senson","robots":{"index":"index","follow":"follow","max-snippet":"max-snippet:-1","max-image-preview":"max-image-preview:large","max-video-preview":"max-video-preview:-1"},"canonical":"https:\/\/www.senson.fi\/de\/produkte\/sensibel-aktiv\/","og_locale":"de_DE","og_type":"article","og_title":"Senson Active - Senson","og_url":"https:\/\/www.senson.fi\/de\/produkte\/sensibel-aktiv\/","og_site_name":"Senson","article_modified_time":"2021-04-15T07:40:42+00:00","twitter_card":"summary_large_image","twitter_misc":{"Gesch\u00e4tzte Lesezeit":"2\u00a0Minuten"},"schema":{"@context":"https:\/\/schema.org","@graph":[{"@type":"WebPage","@id":"https:\/\/www.senson.fi\/products\/senson-active\/","url":"https:\/\/www.senson.fi\/products\/senson-active\/","name":"Senson Aktiv - Senson","isPartOf":{"@id":"https:\/\/www.senson.fi\/#website"},"datePublished":"2020-06-02T04:52:01+00:00","dateModified":"2021-04-15T07:40:42+00:00","breadcrumb":{"@id":"https:\/\/www.senson.fi\/products\/senson-active\/#breadcrumb"},"inLanguage":"de","potentialAction":[{"@type":"ReadAction","target":["https:\/\/www.senson.fi\/products\/senson-active\/"]}]},{"@type":"BreadcrumbList","@id":"https:\/\/www.senson.fi\/products\/senson-active\/#breadcrumb","itemListElement":[{"@type":"ListItem","position":1,"name":"Home","item":"https:\/\/www.senson.fi\/"},{"@type":"ListItem","position":2,"name":"Products","item":"https:\/\/www.senson.fi\/products\/"},{"@type":"ListItem","position":3,"name":"Senson Active"}]},{"@type":"WebSite","@id":"https:\/\/www.senson.fi\/#website","url":"https:\/\/www.senson.fi\/","name":"Senson","description":"More by Nature","potentialAction":[{"@type":"SearchAction","target":{"@type":"EntryPoint","urlTemplate":"https:\/\/www.senson.fi\/?s={search_term_string}"},"query-input":{"@type":"PropertyValueSpecification","valueRequired":true,"valueName":"search_term_string"}}],"inLanguage":"de"}]}},"_links":{"self":[{"href":"https:\/\/www.senson.fi\/de\/wp-json\/wp\/v2\/pages\/899","targetHints":{"allow":["GET"]}}],"collection":[{"href":"https:\/\/www.senson.fi\/de\/wp-json\/wp\/v2\/pages"}],"about":[{"href":"https:\/\/www.senson.fi\/de\/wp-json\/wp\/v2\/types\/page"}],"author":[{"embeddable":true,"href":"https:\/\/www.senson.fi\/de\/wp-json\/wp\/v2\/users\/1"}],"replies":[{"embeddable":true,"href":"https:\/\/www.senson.fi\/de\/wp-json\/wp\/v2\/comments?post=899"}],"version-history":[{"count":20,"href":"https:\/\/www.senson.fi\/de\/wp-json\/wp\/v2\/pages\/899\/revisions"}],"predecessor-version":[{"id":2564,"href":"https:\/\/www.senson.fi\/de\/wp-json\/wp\/v2\/pages\/899\/revisions\/2564"}],"up":[{"embeddable":true,"href":"https:\/\/www.senson.fi\/de\/wp-json\/wp\/v2\/pages\/482"}],"wp:attachment":[{"href":"https:\/\/www.senson.fi\/de\/wp-json\/wp\/v2\/media?parent=899"}],"curies":[{"name":"wp","href":"https:\/\/api.w.org\/{rel}","templated":true}]}}