{"id":897,"date":"2020-06-02T07:51:46","date_gmt":"2020-06-02T04:51:46","guid":{"rendered":"https:\/\/www.senson.fi\/?page_id=897"},"modified":"2022-08-30T21:34:55","modified_gmt":"2022-08-30T18:34:55","slug":"empfindlich-sauer","status":"publish","type":"page","link":"https:\/\/www.senson.fi\/de\/products\/senson-sour\/","title":{"rendered":"Senson Sour"},"content":{"rendered":"<section class=\"section\" id=\"section_703470594\">\n\t\t<div class=\"section-bg fill\" >\n\t\t\t\t\t\t\t\t\t\n\t\t\t\n\n\t\t<\/div>\n\n\t\t\n\n\t\t<div class=\"section-content relative\">\n\t\t\t\n<div class=\"row align-center\"  id=\"row-2011943953\">\n\n\t<div id=\"col-423373899\" class=\"col medium-6 small-12 large-6\"  >\n\t\t\t\t<div class=\"col-inner\"  >\n\t\t\t\n\t\t\t\n<div class=\"slider-wrapper relative\" id=\"slider-1066814491\" >\n    <div class=\"slider slider-nav-simple slider-nav-normal slider-nav-light slider-style-normal slider-show-nav\"\n        data-flickity-options='{            \"cellAlign\": \"center\",            \"imagesLoaded\": true,            \"lazyLoad\": 1,            \"freeScroll\": true,            \"wrapAround\": true,            \"autoPlay\": 2000,            \"pauseAutoPlayOnHover\" : true,            \"prevNextButtons\": true,            \"contain\" : true,            \"adaptiveHeight\" : true,            \"dragThreshold\" : 10,            \"percentPosition\": true,            \"pageDots\": true,            \"rightToLeft\": false,            \"draggable\": false,            \"selectedAttraction\": 0.1,            \"parallax\" : 0,            \"friction\": 0.6        }'\n        >\n        \n\n  <div class=\"banner has-hover\" id=\"banner-69915951\">\n          <div class=\"banner-inner fill\">\n        <div class=\"banner-bg fill\" >\n            <img loading=\"lazy\" decoding=\"async\" width=\"1020\" height=\"574\" src=\"https:\/\/www.senson.fi\/wp-content\/uploads\/2020\/05\/Senson_gradient_1_RGB-1024x576.jpg\" class=\"bg attachment-large size-large\" alt=\"\" \/>                        <div class=\"overlay\"><\/div>            \n                    <\/div>\n\t\t\n        <div class=\"banner-layers container\">\n            <div class=\"fill banner-link\"><\/div>            \n   <div id=\"text-box-1529056196\" class=\"text-box banner-layer x50 md-x50 lg-x50 y50 md-y50 lg-y50 res-text\">\n                                <div class=\"text-box-content text dark\">\n              \n              <div class=\"text-inner text-center\">\n                  \n<p class=\"uppercase\"><span style=\"font-size: 300%;\"><strong>Senson Sour<\/strong><\/span><\/p>\n              <\/div>\n           <\/div>\n                            \n<style>\n#text-box-1529056196 {\n  width: 60%;\n}\n#text-box-1529056196 .text-box-content {\n  font-size: 100%;\n}\n<\/style>\n    <\/div>\n \n        <\/div>\n      <\/div>\n\n            \n<style>\n#banner-69915951 {\n  padding-top: 75%;\n}\n#banner-69915951 .overlay {\n  background-color: rgba(0, 0, 0, 0.17);\n}\n<\/style>\n  <\/div>\n\n\n\t<div class=\"img has-hover x md-x lg-x y md-y lg-y\" id=\"image_663568058\">\n\t\t<a class=\"image-lightbox lightbox-gallery\" title=\"\" href=\"https:\/\/www.senson.fi\/wp-content\/uploads\/2020\/06\/senson_food_and_beverage_industry_01-1024x683.jpg\">\t\t\t\t\t\t<div class=\"img-inner image-cover dark\" style=\"padding-top:75%;\">\n\t\t\t<img loading=\"lazy\" decoding=\"async\" width=\"1500\" height=\"1000\" src=\"https:\/\/www.senson.fi\/wp-content\/uploads\/2020\/06\/senson_food_and_beverage_industry_01.jpg\" class=\"attachment-original size-original\" alt=\"\" srcset=\"https:\/\/www.senson.fi\/wp-content\/uploads\/2020\/06\/senson_food_and_beverage_industry_01.jpg 1500w, https:\/\/www.senson.fi\/wp-content\/uploads\/2020\/06\/senson_food_and_beverage_industry_01-300x200.jpg 300w, https:\/\/www.senson.fi\/wp-content\/uploads\/2020\/06\/senson_food_and_beverage_industry_01-1024x683.jpg 1024w, https:\/\/www.senson.fi\/wp-content\/uploads\/2020\/06\/senson_food_and_beverage_industry_01-768x512.jpg 768w\" sizes=\"auto, (max-width: 1500px) 100vw, 1500px\" \/>\t\t\t\t\t\t\n\t\t\t\t\t<\/div>\n\t\t\t\t\t\t<\/a>\t\t\n<style>\n#image_663568058 {\n  width: 100%;\n}\n<\/style>\n\t<\/div>\n\t\n     <\/div>\n\n     <div class=\"loading-spin dark large centered\"><\/div>\n\n\t<\/div>\n\n\n\t\t<\/div>\n\t\t\t\t\t<\/div>\n\n\t\n\n\t<div id=\"col-361972835\" class=\"col medium-6 small-12 large-6\"  >\n\t\t\t\t<div class=\"col-inner\"  >\n\t\t\t\n\t\t\t\n<h1><span class=\"uppercase\">Senson Sour<\/span><br \/><span style=\"font-size: 0.75em;\">Fl\u00fcssiger Sauermalzextrakt<\/span><\/h1>\n\t<div id=\"gap-1513905216\" class=\"gap-element clearfix\" style=\"display:block; height:auto;\">\n\t\t\n<style>\n#gap-1513905216 {\n  padding-top: 15px;\n}\n<\/style>\n\t<\/div>\n\t\n<p>Senson Sour Liquid Malt Light ist ein Extrakt, der einer Milchs\u00e4ureg\u00e4rung unterzogen wurde, die diesem Produkt sein unverwechselbares saures Geschmacksprofil verleiht. Es hat technologische Eigenschaften, die es erm\u00f6glichen, neue erfolgreiche Lebensmittel- und Getr\u00e4nkekategorien f\u00fcr die FMCG-M\u00e4rkte zu schaffen. Bei Back- und Brauanwendungen erm\u00f6glicht dieses Produkt eine Verbesserung der Prozesszeiten und kann auch die Haltbarkeit einiger Endprodukte verl\u00e4ngern. Dieses Produkt ist jetzt auch f\u00fcr glutenfreie Anwendungen erh\u00e4ltlich, da der Glutengehalt auf unter 20 ppm gesenkt wurde.<\/p>\n<h2><strong>Produkt:<\/strong><\/h2>\n<ul>\n<li>Senson Sour Liquid Malt Light<\/li>\n<\/ul>\n\t\t<\/div>\n\t\t\t\t\t<\/div>\n\n\t\n\n<style>\n#row-2011943953 > .col > .col-inner {\n  padding: 0px 5px 0px 5px;\n}\n@media (min-width:550px) {\n  #row-2011943953 > .col > .col-inner {\n    padding: 0px 0px 0px 0px;\n  }\n}\n<\/style>\n<\/div>\n\t\t<\/div>\n\n\t\t\n<style>\n#section_703470594 {\n  padding-top: 0px;\n  padding-bottom: 0px;\n}\n<\/style>\n\t<\/section>\n\t\n\n\t<section class=\"section\" id=\"section_1418782929\">\n\t\t<div class=\"section-bg fill\" >\n\t\t\t\t\t\t\t\t\t\n\t\t\t\n\n\t\t<\/div>\n\n\t\t\n\n\t\t<div class=\"section-content relative\">\n\t\t\t\n<div class=\"row\"  id=\"row-1143448707\">\n\n\t<div id=\"col-601830595\" class=\"col small-12 large-12\"  >\n\t\t\t\t<div class=\"col-inner text-center\"  >\n\t\t\t\n\t\t\t\n\n\t\t<div class=\"tabbed-content\">\n\t\t\t<h4 class=\"uppercase text-left\">Infos<\/h4>\n\t\t\t<ul class=\"nav nav-tabs nav-uppercase nav-size-normal nav-left\" role=\"tablist\"><li id=\"tab-senson-sour-liquid-malt-light\" class=\"tab active has-icon\" role=\"presentation\"><a href=\"#tab_senson-sour-liquid-malt-light\" role=\"tab\" aria-selected=\"true\" aria-controls=\"tab_senson-sour-liquid-malt-light\"><span>SENSON SOUR LIQUID MALT LIGHT<\/span><\/a><\/li><\/ul><div class=\"tab-panels\"><div id=\"tab_senson-sour-liquid-malt-light\" class=\"panel active entry-content\" role=\"tabpanel\" aria-labelledby=\"tab-senson-sour-liquid-malt-light\">\n<p style=\"text-align: left;\">Senson Sour Liquid Malt Light ist ein enzymatisch inaktiver hellbrauner nat\u00fcrlich ges\u00e4uerter Malzextrakt. Er wird aus gem\u00e4lzter Gerste und Gerste hergestellt und mit Milchs\u00e4urebakterien vergoren. Er hat einen charakteristischen s\u00e4uerlichen und malzigen Geschmack. Er enth\u00e4lt keine Farbstoffe, Konservierungsmittel oder andere Lebensmittelzusatzstoffe. Der Glutengehalt dieses Produkts liegt unter 20ppm.<\/p>\n<table id=\"product\">\n<tbody>\n<tr>\n<th>\n<h4>Name der Produkte<\/h4>\n<\/th>\n<th>\n<h4>Farbe EBC, <br \/>10%w\/v<\/h4>\n<\/th>\n<th>\n<h4>Brix<\/h4>\n<\/th>\n<th>\n<h4>pH-Wert<\/h4>\n<\/th>\n<th>\n<h4>Viskosit\u00e4t mPas, <br \/>20\u00b0C<\/h4>\n<\/th>\n<th>\n<h4>Typisches Aroma<\/h4>\n<\/th>\n<\/tr>\n<tr>\n<td>Senson Sour Liquid Malt Light<\/td>\n<td>5-35<\/td>\n<td>70-76<\/td>\n<td>3.0-4.0<\/td>\n<td>&lt;10000<\/td>\n<td>sauer, malzig, erdig<\/td>\n<\/tr>\n<\/tbody>\n<\/table>\n<\/div><\/div><\/div>\n\t\t<\/div>\n\t\t\t\t\t<\/div>\n\n\t\n\n<style>\n#row-1143448707 > .col > .col-inner {\n  padding: 35px 5px 0px 5px;\n}\n@media (min-width:550px) {\n  #row-1143448707 > .col > .col-inner {\n    padding: 35px 0px 0px 0px;\n  }\n}\n<\/style>\n<\/div>\n\t\t<\/div>\n\n\t\t\n<style>\n#section_1418782929 {\n  padding-top: 0px;\n  padding-bottom: 0px;\n}\n<\/style>\n\t<\/section>\n\t\n\n\t<section class=\"section\" id=\"section_50964314\">\n\t\t<div class=\"section-bg fill\" >\n\t\t\t\t\t\t\t\t\t\n\t\t\t\n\n\t\t<\/div>\n\n\t\t\n\n\t\t<div class=\"section-content relative\">\n\t\t\t\n<div class=\"row\"  id=\"row-1628479862\">\n\n\t<div id=\"col-1071770450\" class=\"col small-12 large-12\"  >\n\t\t\t\t<div class=\"col-inner\"  >\n\t\t\t\n\t\t\t\n\n  \n    <div class=\"row large-columns-3 medium-columns-2 small-columns-1 slider row-slider slider-nav-reveal slider-nav-push\"  data-flickity-options='{&quot;imagesLoaded&quot;: true, &quot;groupCells&quot;: &quot;100%&quot;, &quot;dragThreshold&quot; : 5, &quot;cellAlign&quot;: &quot;left&quot;,&quot;wrapAround&quot;: true,&quot;prevNextButtons&quot;: true,&quot;percentPosition&quot;: true,&quot;pageDots&quot;: false, &quot;rightToLeft&quot;: false, &quot;autoPlay&quot; : false}' >\n\n  <div class=\"col post-item\" >\n\t\t\t<div class=\"col-inner\">\n\t\t\t\t<div class=\"box box-normal box-text-bottom box-blog-post has-hover\">\n            \t\t\t\t\t<div class=\"box-image\" >\n  \t\t\t\t\t\t<div class=\"image-cover\" style=\"padding-top:56.25%;\">\n\t\t\t\t\t\t\t<a href=\"https:\/\/www.senson.fi\/de\/malted\/did-you-know-that-malt-extracts-can-improve-shelf-life-of-the-bakery-products\/\" class=\"plain\" aria-label=\"Wussten Sie, dass Malzextrakte die Haltbarkeit von Backwaren verbessern k\u00f6nnen?\">\n\t\t\t\t\t\t\t\t<img loading=\"lazy\" decoding=\"async\" width=\"300\" height=\"200\" src=\"https:\/\/www.senson.fi\/wp-content\/uploads\/2020\/06\/senson_bakery_04-300x200.jpg\" class=\"attachment-medium size-medium wp-post-image\" alt=\"\" srcset=\"https:\/\/www.senson.fi\/wp-content\/uploads\/2020\/06\/senson_bakery_04-300x200.jpg 300w, https:\/\/www.senson.fi\/wp-content\/uploads\/2020\/06\/senson_bakery_04-1024x683.jpg 1024w, https:\/\/www.senson.fi\/wp-content\/uploads\/2020\/06\/senson_bakery_04-768x512.jpg 768w, https:\/\/www.senson.fi\/wp-content\/uploads\/2020\/06\/senson_bakery_04.jpg 1500w\" sizes=\"auto, (max-width: 300px) 100vw, 300px\" \/>\t\t\t\t\t\t\t<\/a>\n  \t\t\t\t\t\t\t  \t\t\t\t\t\t\t  \t\t\t\t\t\t<\/div>\n  \t\t\t\t\t\t  \t\t\t\t\t<\/div>\n          \t\t\t\t\t<div class=\"box-text text-center\" >\n\t\t\t\t\t<div class=\"box-text-inner blog-post-inner\">\n\n\t\t\t\t\t\n\t\t\t\t\t\t\t\t\t\t\t<p class=\"cat-label tag-label is-xxsmall op-7 uppercase\">\n\t\t\t\t\tMalzsauer \t\t\t\t\t<\/p>\n\t\t\t\t\t\t\t\t\t\t<h5 class=\"post-title is-large\">\n\t\t\t\t\t\t<a href=\"https:\/\/www.senson.fi\/de\/malted\/did-you-know-that-malt-extracts-can-improve-shelf-life-of-the-bakery-products\/\" class=\"plain\">Wussten Sie, dass Malzextrakte die Haltbarkeit von Backwaren verbessern k\u00f6nnen?<\/a>\n\t\t\t\t\t<\/h5>\n\t\t\t\t\t\t\t\t\t\t<div class=\"is-divider\"><\/div>\n\t\t\t\t\t\t\t\t\t\t<p class=\"from_the_blog_excerpt\">\n\t\t\t\t\t\tAufgrund der ungew\u00f6hnlichen Zeiten, in denen wir leben, \u00e4ndern die Menschen ihre Art zu handeln...\t\t\t\t\t<\/p>\n\t\t\t\t\t                    \n\t\t\t\t\t\t\t\t\t\t\t<a href=\"https:\/\/www.senson.fi\/de\/malted\/did-you-know-that-malt-extracts-can-improve-shelf-life-of-the-bakery-products\/\" class=\"button primary is-outline is-small mb-0\">\n\t\t\t\t\t\t\tMehr lesen\t\t\t\t\t\t<\/a>\n\t\t\t\t\t\n\t\t\t\t\t\n\t\t\t\t\t<\/div>\n\t\t\t\t\t<\/div>\n\t\t\t\t\t\t\t\t\t<\/div>\n\t\t\t<\/div>\n\t\t<\/div><\/div>\n\t\t<\/div>\n\t\t\t\t\t<\/div>\n\n\t\n<\/div>\n\t\t<\/div>\n\n\t\t\n<style>\n#section_50964314 {\n  padding-top: 30px;\n  padding-bottom: 30px;\n}\n<\/style>\n\t<\/section>","protected":false},"excerpt":{"rendered":"","protected":false},"author":1,"featured_media":0,"parent":482,"menu_order":0,"comment_status":"closed","ping_status":"closed","template":"page-blank.php","meta":{"footnotes":""},"class_list":["post-897","page","type-page","status-publish","hentry"],"yoast_head":"<!-- This site is optimized with the Yoast SEO plugin v27.4 - https:\/\/yoast.com\/product\/yoast-seo-wordpress\/ -->\n<title>Senson Sour - Senson<\/title>\n<meta name=\"robots\" content=\"index, follow, max-snippet:-1, max-image-preview:large, max-video-preview:-1\" \/>\n<link rel=\"canonical\" href=\"https:\/\/www.senson.fi\/de\/produkte\/empfindlich-sauer\/\" \/>\n<meta property=\"og:locale\" content=\"de_DE\" \/>\n<meta property=\"og:type\" content=\"article\" \/>\n<meta property=\"og:title\" content=\"Senson Sour - Senson\" \/>\n<meta property=\"og:url\" content=\"https:\/\/www.senson.fi\/de\/produkte\/empfindlich-sauer\/\" \/>\n<meta property=\"og:site_name\" content=\"Senson\" \/>\n<meta property=\"article:modified_time\" content=\"2022-08-30T18:34:55+00:00\" \/>\n<meta name=\"twitter:card\" content=\"summary_large_image\" \/>\n<meta name=\"twitter:label1\" content=\"Gesch\u00e4tzte Lesezeit\" \/>\n\t<meta name=\"twitter:data1\" content=\"2\u00a0Minuten\" \/>\n<script type=\"application\/ld+json\" class=\"yoast-schema-graph\">{\"@context\":\"https:\\\/\\\/schema.org\",\"@graph\":[{\"@type\":\"WebPage\",\"@id\":\"https:\\\/\\\/www.senson.fi\\\/products\\\/senson-sour\\\/\",\"url\":\"https:\\\/\\\/www.senson.fi\\\/products\\\/senson-sour\\\/\",\"name\":\"Senson Sour - Senson\",\"isPartOf\":{\"@id\":\"https:\\\/\\\/www.senson.fi\\\/#website\"},\"datePublished\":\"2020-06-02T04:51:46+00:00\",\"dateModified\":\"2022-08-30T18:34:55+00:00\",\"breadcrumb\":{\"@id\":\"https:\\\/\\\/www.senson.fi\\\/products\\\/senson-sour\\\/#breadcrumb\"},\"inLanguage\":\"de\",\"potentialAction\":[{\"@type\":\"ReadAction\",\"target\":[\"https:\\\/\\\/www.senson.fi\\\/products\\\/senson-sour\\\/\"]}]},{\"@type\":\"BreadcrumbList\",\"@id\":\"https:\\\/\\\/www.senson.fi\\\/products\\\/senson-sour\\\/#breadcrumb\",\"itemListElement\":[{\"@type\":\"ListItem\",\"position\":1,\"name\":\"Home\",\"item\":\"https:\\\/\\\/www.senson.fi\\\/\"},{\"@type\":\"ListItem\",\"position\":2,\"name\":\"Products\",\"item\":\"https:\\\/\\\/www.senson.fi\\\/products\\\/\"},{\"@type\":\"ListItem\",\"position\":3,\"name\":\"Senson Sour\"}]},{\"@type\":\"WebSite\",\"@id\":\"https:\\\/\\\/www.senson.fi\\\/#website\",\"url\":\"https:\\\/\\\/www.senson.fi\\\/\",\"name\":\"Senson\",\"description\":\"More by Nature\",\"potentialAction\":[{\"@type\":\"SearchAction\",\"target\":{\"@type\":\"EntryPoint\",\"urlTemplate\":\"https:\\\/\\\/www.senson.fi\\\/?s={search_term_string}\"},\"query-input\":{\"@type\":\"PropertyValueSpecification\",\"valueRequired\":true,\"valueName\":\"search_term_string\"}}],\"inLanguage\":\"de\"}]}<\/script>\n<!-- \/ Yoast SEO plugin. -->","yoast_head_json":{"title":"Senson Sour - Senson","robots":{"index":"index","follow":"follow","max-snippet":"max-snippet:-1","max-image-preview":"max-image-preview:large","max-video-preview":"max-video-preview:-1"},"canonical":"https:\/\/www.senson.fi\/de\/produkte\/empfindlich-sauer\/","og_locale":"de_DE","og_type":"article","og_title":"Senson Sour - Senson","og_url":"https:\/\/www.senson.fi\/de\/produkte\/empfindlich-sauer\/","og_site_name":"Senson","article_modified_time":"2022-08-30T18:34:55+00:00","twitter_card":"summary_large_image","twitter_misc":{"Gesch\u00e4tzte Lesezeit":"2\u00a0Minuten"},"schema":{"@context":"https:\/\/schema.org","@graph":[{"@type":"WebPage","@id":"https:\/\/www.senson.fi\/products\/senson-sour\/","url":"https:\/\/www.senson.fi\/products\/senson-sour\/","name":"Senson Sour - Senson","isPartOf":{"@id":"https:\/\/www.senson.fi\/#website"},"datePublished":"2020-06-02T04:51:46+00:00","dateModified":"2022-08-30T18:34:55+00:00","breadcrumb":{"@id":"https:\/\/www.senson.fi\/products\/senson-sour\/#breadcrumb"},"inLanguage":"de","potentialAction":[{"@type":"ReadAction","target":["https:\/\/www.senson.fi\/products\/senson-sour\/"]}]},{"@type":"BreadcrumbList","@id":"https:\/\/www.senson.fi\/products\/senson-sour\/#breadcrumb","itemListElement":[{"@type":"ListItem","position":1,"name":"Home","item":"https:\/\/www.senson.fi\/"},{"@type":"ListItem","position":2,"name":"Products","item":"https:\/\/www.senson.fi\/products\/"},{"@type":"ListItem","position":3,"name":"Senson Sour"}]},{"@type":"WebSite","@id":"https:\/\/www.senson.fi\/#website","url":"https:\/\/www.senson.fi\/","name":"Senson","description":"More by Nature","potentialAction":[{"@type":"SearchAction","target":{"@type":"EntryPoint","urlTemplate":"https:\/\/www.senson.fi\/?s={search_term_string}"},"query-input":{"@type":"PropertyValueSpecification","valueRequired":true,"valueName":"search_term_string"}}],"inLanguage":"de"}]}},"_links":{"self":[{"href":"https:\/\/www.senson.fi\/de\/wp-json\/wp\/v2\/pages\/897","targetHints":{"allow":["GET"]}}],"collection":[{"href":"https:\/\/www.senson.fi\/de\/wp-json\/wp\/v2\/pages"}],"about":[{"href":"https:\/\/www.senson.fi\/de\/wp-json\/wp\/v2\/types\/page"}],"author":[{"embeddable":true,"href":"https:\/\/www.senson.fi\/de\/wp-json\/wp\/v2\/users\/1"}],"replies":[{"embeddable":true,"href":"https:\/\/www.senson.fi\/de\/wp-json\/wp\/v2\/comments?post=897"}],"version-history":[{"count":21,"href":"https:\/\/www.senson.fi\/de\/wp-json\/wp\/v2\/pages\/897\/revisions"}],"predecessor-version":[{"id":3192,"href":"https:\/\/www.senson.fi\/de\/wp-json\/wp\/v2\/pages\/897\/revisions\/3192"}],"up":[{"embeddable":true,"href":"https:\/\/www.senson.fi\/de\/wp-json\/wp\/v2\/pages\/482"}],"wp:attachment":[{"href":"https:\/\/www.senson.fi\/de\/wp-json\/wp\/v2\/media?parent=897"}],"curies":[{"name":"wp","href":"https:\/\/api.w.org\/{rel}","templated":true}]}}