{"id":858,"date":"2020-06-01T14:18:17","date_gmt":"2020-06-01T11:18:17","guid":{"rendered":"https:\/\/www.senson.fi\/?page_id=858"},"modified":"2023-05-22T09:04:43","modified_gmt":"2023-05-22T06:04:43","slug":"senson-bio","status":"publish","type":"page","link":"https:\/\/www.senson.fi\/de\/products\/senson-organic\/","title":{"rendered":"Senson Organic"},"content":{"rendered":"<section class=\"section\" id=\"section_1596708103\">\n\t\t<div class=\"section-bg fill\" >\n\t\t\t\t\t\t\t\t\t\n\t\t\t\n\n\t\t<\/div>\n\n\t\t\n\n\t\t<div class=\"section-content relative\">\n\t\t\t\n<div class=\"row align-center\"  id=\"row-20051262\">\n\n\t<div id=\"col-1363284538\" class=\"col medium-6 small-12 large-6\"  >\n\t\t\t\t<div class=\"col-inner\"  >\n\t\t\t\n\t\t\t\n<div class=\"slider-wrapper relative\" id=\"slider-2135708544\" >\n    <div class=\"slider slider-nav-simple slider-nav-normal slider-nav-light slider-style-normal slider-show-nav\"\n        data-flickity-options='{            \"cellAlign\": \"center\",            \"imagesLoaded\": true,            \"lazyLoad\": 1,            \"freeScroll\": true,            \"wrapAround\": true,            \"autoPlay\": 2000,            \"pauseAutoPlayOnHover\" : true,            \"prevNextButtons\": true,            \"contain\" : true,            \"adaptiveHeight\" : true,            \"dragThreshold\" : 10,            \"percentPosition\": true,            \"pageDots\": true,            \"rightToLeft\": false,            \"draggable\": false,            \"selectedAttraction\": 0.1,            \"parallax\" : 0,            \"friction\": 0.6        }'\n        >\n        \n\n  <div class=\"banner has-hover\" id=\"banner-1660054134\">\n          <div class=\"banner-inner fill\">\n        <div class=\"banner-bg fill\" >\n            <img loading=\"lazy\" decoding=\"async\" width=\"1500\" height=\"844\" src=\"https:\/\/www.senson.fi\/wp-content\/uploads\/2020\/05\/Senson_gradient_1_RGB.jpg\" class=\"bg attachment-original size-original\" alt=\"\" \/>                        <div class=\"overlay\"><\/div>            \n                    <\/div>\n\t\t\n        <div class=\"banner-layers container\">\n            <div class=\"fill banner-link\"><\/div>            \n   <div id=\"text-box-856630686\" class=\"text-box banner-layer x50 md-x50 lg-x50 y50 md-y50 lg-y50 res-text\">\n                                <div class=\"text-box-content text dark\">\n              \n              <div class=\"text-inner text-center\">\n                  \n<p class=\"uppercase\"><strong><span style=\"font-size: 300%;\">Senson Organic<\/span><\/strong><\/p>\n              <\/div>\n           <\/div>\n                            \n<style>\n#text-box-856630686 {\n  width: 60%;\n}\n#text-box-856630686 .text-box-content {\n  font-size: 100%;\n}\n<\/style>\n    <\/div>\n \n        <\/div>\n      <\/div>\n\n            \n<style>\n#banner-1660054134 {\n  padding-top: 75%;\n}\n#banner-1660054134 .overlay {\n  background-color: rgba(0, 0, 0, 0.17);\n}\n<\/style>\n  <\/div>\n\n\n\t<div class=\"img has-hover x md-x lg-x y md-y lg-y\" id=\"image_266617774\">\n\t\t<a class=\"image-lightbox lightbox-gallery\" title=\"\" href=\"https:\/\/www.senson.fi\/wp-content\/uploads\/2020\/06\/senson_innovative_food_01-1024x1024.jpg\">\t\t\t\t\t\t<div class=\"img-inner image-cover dark\" style=\"padding-top:75%;\">\n\t\t\t<img loading=\"lazy\" decoding=\"async\" width=\"1500\" height=\"1500\" src=\"https:\/\/www.senson.fi\/wp-content\/uploads\/2020\/06\/senson_innovative_food_01.jpg\" class=\"attachment-original size-original\" alt=\"\" srcset=\"https:\/\/www.senson.fi\/wp-content\/uploads\/2020\/06\/senson_innovative_food_01.jpg 1500w, https:\/\/www.senson.fi\/wp-content\/uploads\/2020\/06\/senson_innovative_food_01-300x300.jpg 300w, https:\/\/www.senson.fi\/wp-content\/uploads\/2020\/06\/senson_innovative_food_01-1024x1024.jpg 1024w, https:\/\/www.senson.fi\/wp-content\/uploads\/2020\/06\/senson_innovative_food_01-150x150.jpg 150w, https:\/\/www.senson.fi\/wp-content\/uploads\/2020\/06\/senson_innovative_food_01-768x768.jpg 768w\" sizes=\"auto, (max-width: 1500px) 100vw, 1500px\" \/>\t\t\t\t\t\t\n\t\t\t\t\t<\/div>\n\t\t\t\t\t\t<\/a>\t\t\n<style>\n#image_266617774 {\n  width: 100%;\n}\n<\/style>\n\t<\/div>\n\t\n     <\/div>\n\n     <div class=\"loading-spin dark large centered\"><\/div>\n\n\t<\/div>\n\n\n\t\t<\/div>\n\t\t\t\t\t<\/div>\n\n\t\n\n\t<div id=\"col-765661806\" class=\"col medium-6 small-12 large-6\"  >\n\t\t\t\t<div class=\"col-inner\"  >\n\t\t\t\n\t\t\t\n<h1><span class=\"uppercase\">Senson Organic<\/span><br \/><span style=\"font-size: 0.75em;\">Fl\u00fcssige Bio-Malzextrakte<\/span><\/h1>\n\t<div id=\"gap-497619474\" class=\"gap-element clearfix\" style=\"display:block; height:auto;\">\n\t\t\n<style>\n#gap-497619474 {\n  padding-top: 15px;\n}\n<\/style>\n\t<\/div>\n\t\n<p>Die Senson-Bio-Serien werden aus Getreide hergestellt, das von engagierten Biobauern in der n\u00e4heren Umgebung angebaut und von unserer Schwesterfirma Viking Malt zu Malz verarbeitet wird. Dies erm\u00f6glicht es uns, Malz und Getreide von hoher Qualit\u00e4t f\u00fcr unsere Bio-Liquid-Produkte zu liefern. Aufgrund unserer guten Versorgung stellen wir auch eine Reihe von ma\u00dfgeschneiderten Fl\u00fcssigprodukten f\u00fcr unsere Kunden her.<\/p>\n<p>Senson Organic Series sind fl\u00fcssige Malzextrakte aus biologischem Gerstenmalz. Je nach verwendeter Malzsorte gibt es sie entweder in heller oder schwarzer Farbe. Die helle Variante wird aus hellem Pilsner Malz hergestellt und hat angenehme Pilsner Malz Eigenschaften. Die schwarze Variante wird aus schwarzem Malz hergestellt, das dem Endprodukt eine schwarze Farbe, R\u00f6staromen und Antioxidantien verleiht. Beide Produkte werden in der Lebensmittel- und Getr\u00e4nkeindustrie verwendet.<\/p>\n<h2><strong>Produkte:<\/strong><\/h2>\n<ul>\n<li>Senson Organic Liquid Malt Light 10<\/li>\n<li>Senson Organic Liquid Malt Black 800<\/li>\n<\/ul>\n\t\t<\/div>\n\t\t\t\t\t<\/div>\n\n\t\n\n<style>\n#row-20051262 > .col > .col-inner {\n  padding: 0px 5px 0px 5px;\n}\n@media (min-width:550px) {\n  #row-20051262 > .col > .col-inner {\n    padding: 0px 0px 0px 0px;\n  }\n}\n<\/style>\n<\/div>\n\t\t<\/div>\n\n\t\t\n<style>\n#section_1596708103 {\n  padding-top: 0px;\n  padding-bottom: 0px;\n}\n<\/style>\n\t<\/section>\n\t\n\n\t<section class=\"section\" id=\"section_1924645597\">\n\t\t<div class=\"section-bg fill\" >\n\t\t\t\t\t\t\t\t\t\n\t\t\t\n\n\t\t<\/div>\n\n\t\t\n\n\t\t<div class=\"section-content relative\">\n\t\t\t\n<div class=\"row\"  id=\"row-1771975342\">\n\n\t<div id=\"col-1422099018\" class=\"col small-12 large-12\"  >\n\t\t\t\t<div class=\"col-inner text-center\"  >\n\t\t\t\n\t\t\t\n\n\t\t<div class=\"tabbed-content\">\n\t\t\t<h4 class=\"uppercase text-left\">Infos<\/h4>\n\t\t\t<ul class=\"nav nav-tabs nav-uppercase nav-size-normal nav-left\" role=\"tablist\"><li id=\"tab-senson-organic-liquid-malt-light-10\" class=\"tab active has-icon\" role=\"presentation\"><a href=\"#tab_senson-organic-liquid-malt-light-10\" role=\"tab\" aria-selected=\"true\" aria-controls=\"tab_senson-organic-liquid-malt-light-10\"><span>SENSON ORGANIC LIQUID MALT LIGHT 10<\/span><\/a><\/li>\n<li id=\"tab-senson-organic-liquid-malt-black-800\" class=\"tab has-icon\" role=\"presentation\"><a href=\"#tab_senson-organic-liquid-malt-black-800\" tabindex=\"-1\" role=\"tab\" aria-selected=\"false\" aria-controls=\"tab_senson-organic-liquid-malt-black-800\"><span>SENSON ORGANIC LIQUID MALT BLACK 800<\/span><\/a><\/li><\/ul><div class=\"tab-panels\"><div id=\"tab_senson-organic-liquid-malt-light-10\" class=\"panel active entry-content\" role=\"tabpanel\" aria-labelledby=\"tab-senson-organic-liquid-malt-light-10\">\n<p style=\"text-align: left;\">Senson Organic Liquid Malt Light 10 ist ein inaktiver, hellbrauner organischer Malzextrakt. Er hat keine amylolytische Enzymaktivit\u00e4t. Es wird aus biologischem Gerstenmalz hergestellt und hat einen charakteristischen Malzgeschmack. Es enth\u00e4lt keine Farbstoffe, Konservierungsmittel oder andere Lebensmittelzusatzstoffe.<\/p>\n<table id=\"product\">\n<tbody>\n<tr>\n<th>\n<h4>Name der Produkte<\/h4>\n<\/th>\n<th>\n<h4>Farbe EBC, <br \/>10%w\/v<\/h4>\n<\/th>\n<th>\n<h4>Brix<\/h4>\n<\/th>\n<th>\n<h4>pH-Wert<\/h4>\n<\/th>\n<th>\n<h4>\u00a0<\/h4>\n<h4>Viskosit\u00e4t mPas, <br \/>20\u00b0C<\/h4>\n<\/th>\n<th>\n<h4>Typisches Aroma<\/h4>\n<\/th>\n<\/tr>\n<tr>\n<td>Senson Organic Liquid Malt Light 10 \u00a0 \u00a0 \u00a0 \u00a0 \u00a0<\/td>\n<td>4-20<\/td>\n<td>80-82<\/td>\n<td>5.0-6.0<\/td>\n<td>&lt;60000<\/td>\n<td>malzig<\/td>\n<\/tr>\n<tr>\n<td>Senson Organic Liquid Malt Black 800<\/td>\n<td>750-850<\/td>\n<td>74-78<\/td>\n<td>4.0-5.0<\/td>\n<td>&lt;40000<\/td>\n<td>r\u00f6stmalz<\/td>\n<\/tr>\n<\/tbody>\n<\/table>\n<\/div>\n<div id=\"tab_senson-organic-liquid-malt-black-800\" class=\"panel entry-content\" role=\"tabpanel\" aria-labelledby=\"tab-senson-organic-liquid-malt-black-800\">\n<p style=\"text-align: left;\">Senson Organic Liquid Malt Black 800 ist ein enzymatisch inaktiver, sehr dunkler Bio-Malzextrakt. Er wird aus biologischem Gerstenmalz hergestellt und hat einen charakteristischen R\u00f6stmalzgeschmack. Es enth\u00e4lt keine Farbstoffe, Konservierungsmittel oder andere Lebensmittelzusatzstoffe.<\/p>\n<table id=\"product\" style=\"height: 120px;\" width=\"515\">\n<tbody>\n<tr>\n<th>\n<h4>Name der Produkte<\/h4>\n<\/th>\n<th>\n<h4>Farbe EBC, <br \/>10%w\/v<\/h4>\n<\/th>\n<th>\n<h4>Brix<\/h4>\n<\/th>\n<th>\n<h4>pH-Wert<\/h4>\n<\/th>\n<th>\n<h4>Viskosit\u00e4t mPas, <br \/>20\u00b0C<\/h4>\n<\/th>\n<th>\n<h4>Typisches Aroma<\/h4>\n<\/th>\n<\/tr>\n<tr>\n<td>Senson Organic Liquid Malt Light 10<\/td>\n<td>4-20<\/td>\n<td>80-82<\/td>\n<td>5.0-6.0<\/td>\n<td>&lt;60000<\/td>\n<td>malzig<\/td>\n<\/tr>\n<tr>\n<td>Senson Organic Liquid Malt Black 800<\/td>\n<td>750-850<\/td>\n<td>74-78<\/td>\n<td>4.0-5.0<\/td>\n<td>&lt;40000<\/td>\n<td>r\u00f6stmalz<\/td>\n<\/tr>\n<\/tbody>\n<\/table>\n<\/div><\/div><\/div>\n\t\t<\/div>\n\t\t\t\t\t<\/div>\n\n\t\n\n<style>\n#row-1771975342 > .col > .col-inner {\n  padding: 35px 5px 0px 5px;\n}\n@media (min-width:550px) {\n  #row-1771975342 > .col > .col-inner {\n    padding: 35px 0px 0px 0px;\n  }\n}\n<\/style>\n<\/div>\n\t\t<\/div>\n\n\t\t\n<style>\n#section_1924645597 {\n  padding-top: 0px;\n  padding-bottom: 0px;\n}\n<\/style>\n\t<\/section>\n\t\n\n\t<section class=\"section\" id=\"section_2024210327\">\n\t\t<div class=\"section-bg fill\" >\n\t\t\t\t\t\t\t\t\t\n\t\t\t\n\n\t\t<\/div>\n\n\t\t\n\n\t\t<div class=\"section-content relative\">\n\t\t\t\n<div class=\"row\"  id=\"row-1252104915\">\n\n\t<div id=\"col-520727573\" class=\"col small-12 large-12\"  >\n\t\t\t\t<div class=\"col-inner\"  >\n\t\t\t\n\t\t\t\n\n  \n    <div class=\"row large-columns-3 medium-columns-2 small-columns-1 slider row-slider slider-nav-reveal slider-nav-push\"  data-flickity-options='{&quot;imagesLoaded&quot;: true, &quot;groupCells&quot;: &quot;100%&quot;, &quot;dragThreshold&quot; : 5, &quot;cellAlign&quot;: &quot;left&quot;,&quot;wrapAround&quot;: true,&quot;prevNextButtons&quot;: true,&quot;percentPosition&quot;: true,&quot;pageDots&quot;: false, &quot;rightToLeft&quot;: false, &quot;autoPlay&quot; : false}' >\n\n  <\/div>\n\t\t<\/div>\n\t\t\t\t\t<\/div>\n\n\t\n<\/div>\n\t\t<\/div>\n\n\t\t\n<style>\n#section_2024210327 {\n  padding-top: 30px;\n  padding-bottom: 30px;\n}\n<\/style>\n\t<\/section>","protected":false},"excerpt":{"rendered":"","protected":false},"author":6,"featured_media":0,"parent":482,"menu_order":0,"comment_status":"closed","ping_status":"closed","template":"","meta":{"footnotes":""},"class_list":["post-858","page","type-page","status-publish","hentry"],"yoast_head":"<!-- This site is optimized with the Yoast SEO plugin v27.4 - https:\/\/yoast.com\/product\/yoast-seo-wordpress\/ -->\n<title>Senson Organic - Senson<\/title>\n<meta name=\"robots\" content=\"index, follow, max-snippet:-1, max-image-preview:large, max-video-preview:-1\" \/>\n<link rel=\"canonical\" href=\"https:\/\/www.senson.fi\/de\/produkte\/senson-bio\/\" \/>\n<meta property=\"og:locale\" content=\"de_DE\" \/>\n<meta property=\"og:type\" content=\"article\" \/>\n<meta property=\"og:title\" content=\"Senson Organic - Senson\" \/>\n<meta property=\"og:url\" content=\"https:\/\/www.senson.fi\/de\/produkte\/senson-bio\/\" \/>\n<meta property=\"og:site_name\" content=\"Senson\" \/>\n<meta property=\"article:modified_time\" content=\"2023-05-22T06:04:43+00:00\" \/>\n<meta name=\"twitter:card\" content=\"summary_large_image\" \/>\n<meta name=\"twitter:label1\" content=\"Gesch\u00e4tzte Lesezeit\" \/>\n\t<meta name=\"twitter:data1\" content=\"2\u00a0Minuten\" \/>\n<script type=\"application\/ld+json\" class=\"yoast-schema-graph\">{\"@context\":\"https:\\\/\\\/schema.org\",\"@graph\":[{\"@type\":\"WebPage\",\"@id\":\"https:\\\/\\\/www.senson.fi\\\/products\\\/senson-organic\\\/\",\"url\":\"https:\\\/\\\/www.senson.fi\\\/products\\\/senson-organic\\\/\",\"name\":\"Senson Organic - Senson\",\"isPartOf\":{\"@id\":\"https:\\\/\\\/www.senson.fi\\\/#website\"},\"datePublished\":\"2020-06-01T11:18:17+00:00\",\"dateModified\":\"2023-05-22T06:04:43+00:00\",\"breadcrumb\":{\"@id\":\"https:\\\/\\\/www.senson.fi\\\/products\\\/senson-organic\\\/#breadcrumb\"},\"inLanguage\":\"de\",\"potentialAction\":[{\"@type\":\"ReadAction\",\"target\":[\"https:\\\/\\\/www.senson.fi\\\/products\\\/senson-organic\\\/\"]}]},{\"@type\":\"BreadcrumbList\",\"@id\":\"https:\\\/\\\/www.senson.fi\\\/products\\\/senson-organic\\\/#breadcrumb\",\"itemListElement\":[{\"@type\":\"ListItem\",\"position\":1,\"name\":\"Home\",\"item\":\"https:\\\/\\\/www.senson.fi\\\/\"},{\"@type\":\"ListItem\",\"position\":2,\"name\":\"Products\",\"item\":\"https:\\\/\\\/www.senson.fi\\\/products\\\/\"},{\"@type\":\"ListItem\",\"position\":3,\"name\":\"Senson Organic\"}]},{\"@type\":\"WebSite\",\"@id\":\"https:\\\/\\\/www.senson.fi\\\/#website\",\"url\":\"https:\\\/\\\/www.senson.fi\\\/\",\"name\":\"Senson\",\"description\":\"More by Nature\",\"potentialAction\":[{\"@type\":\"SearchAction\",\"target\":{\"@type\":\"EntryPoint\",\"urlTemplate\":\"https:\\\/\\\/www.senson.fi\\\/?s={search_term_string}\"},\"query-input\":{\"@type\":\"PropertyValueSpecification\",\"valueRequired\":true,\"valueName\":\"search_term_string\"}}],\"inLanguage\":\"de\"}]}<\/script>\n<!-- \/ Yoast SEO plugin. -->","yoast_head_json":{"title":"Senson Bio - Senson","robots":{"index":"index","follow":"follow","max-snippet":"max-snippet:-1","max-image-preview":"max-image-preview:large","max-video-preview":"max-video-preview:-1"},"canonical":"https:\/\/www.senson.fi\/de\/produkte\/senson-bio\/","og_locale":"de_DE","og_type":"article","og_title":"Senson Organic - Senson","og_url":"https:\/\/www.senson.fi\/de\/produkte\/senson-bio\/","og_site_name":"Senson","article_modified_time":"2023-05-22T06:04:43+00:00","twitter_card":"summary_large_image","twitter_misc":{"Gesch\u00e4tzte Lesezeit":"2\u00a0Minuten"},"schema":{"@context":"https:\/\/schema.org","@graph":[{"@type":"WebPage","@id":"https:\/\/www.senson.fi\/products\/senson-organic\/","url":"https:\/\/www.senson.fi\/products\/senson-organic\/","name":"Senson Bio - Senson","isPartOf":{"@id":"https:\/\/www.senson.fi\/#website"},"datePublished":"2020-06-01T11:18:17+00:00","dateModified":"2023-05-22T06:04:43+00:00","breadcrumb":{"@id":"https:\/\/www.senson.fi\/products\/senson-organic\/#breadcrumb"},"inLanguage":"de","potentialAction":[{"@type":"ReadAction","target":["https:\/\/www.senson.fi\/products\/senson-organic\/"]}]},{"@type":"BreadcrumbList","@id":"https:\/\/www.senson.fi\/products\/senson-organic\/#breadcrumb","itemListElement":[{"@type":"ListItem","position":1,"name":"Home","item":"https:\/\/www.senson.fi\/"},{"@type":"ListItem","position":2,"name":"Products","item":"https:\/\/www.senson.fi\/products\/"},{"@type":"ListItem","position":3,"name":"Senson Organic"}]},{"@type":"WebSite","@id":"https:\/\/www.senson.fi\/#website","url":"https:\/\/www.senson.fi\/","name":"Senson","description":"More by Nature","potentialAction":[{"@type":"SearchAction","target":{"@type":"EntryPoint","urlTemplate":"https:\/\/www.senson.fi\/?s={search_term_string}"},"query-input":{"@type":"PropertyValueSpecification","valueRequired":true,"valueName":"search_term_string"}}],"inLanguage":"de"}]}},"_links":{"self":[{"href":"https:\/\/www.senson.fi\/de\/wp-json\/wp\/v2\/pages\/858","targetHints":{"allow":["GET"]}}],"collection":[{"href":"https:\/\/www.senson.fi\/de\/wp-json\/wp\/v2\/pages"}],"about":[{"href":"https:\/\/www.senson.fi\/de\/wp-json\/wp\/v2\/types\/page"}],"author":[{"embeddable":true,"href":"https:\/\/www.senson.fi\/de\/wp-json\/wp\/v2\/users\/6"}],"replies":[{"embeddable":true,"href":"https:\/\/www.senson.fi\/de\/wp-json\/wp\/v2\/comments?post=858"}],"version-history":[{"count":32,"href":"https:\/\/www.senson.fi\/de\/wp-json\/wp\/v2\/pages\/858\/revisions"}],"predecessor-version":[{"id":3784,"href":"https:\/\/www.senson.fi\/de\/wp-json\/wp\/v2\/pages\/858\/revisions\/3784"}],"up":[{"embeddable":true,"href":"https:\/\/www.senson.fi\/de\/wp-json\/wp\/v2\/pages\/482"}],"wp:attachment":[{"href":"https:\/\/www.senson.fi\/de\/wp-json\/wp\/v2\/media?parent=858"}],"curies":[{"name":"wp","href":"https:\/\/api.w.org\/{rel}","templated":true}]}}