{"id":621,"date":"2020-05-13T10:45:06","date_gmt":"2020-05-13T07:45:06","guid":{"rendered":"https:\/\/www.senson.fi\/?page_id=621"},"modified":"2024-11-10T20:41:36","modified_gmt":"2024-11-10T18:41:36","slug":"senson-gemalzt","status":"publish","type":"page","link":"https:\/\/www.senson.fi\/de\/products\/senson-malted\/","title":{"rendered":"Senson Malted - Fl\u00fcssige Malzextrakte"},"content":{"rendered":"<section class=\"section\" id=\"section_1825685401\">\n\t\t<div class=\"section-bg fill\" >\n\t\t\t\t\t\t\t\t\t\n\t\t\t\n\n\t\t<\/div>\n\n\t\t\n\n\t\t<div class=\"section-content relative\">\n\t\t\t\n\n<div class=\"row align-center\"  id=\"row-108880545\">\n\n\n\t<div id=\"col-1052081921\" class=\"col medium-6 small-12 large-6\"  >\n\t\t\t\t<div class=\"col-inner\"  >\n\t\t\t\n\t\t\t\n\n<div class=\"slider-wrapper relative\" id=\"slider-1521693659\" >\n    <div class=\"slider slider-nav-simple slider-nav-normal slider-nav-light slider-style-normal slider-show-nav\"\n        data-flickity-options='{            \"cellAlign\": \"center\",            \"imagesLoaded\": true,            \"lazyLoad\": 1,            \"freeScroll\": true,            \"wrapAround\": true,            \"autoPlay\": 2000,            \"pauseAutoPlayOnHover\" : true,            \"prevNextButtons\": true,            \"contain\" : true,            \"adaptiveHeight\" : true,            \"dragThreshold\" : 10,            \"percentPosition\": true,            \"pageDots\": true,            \"rightToLeft\": false,            \"draggable\": false,            \"selectedAttraction\": 0.1,            \"parallax\" : 0,            \"friction\": 0.6        }'\n        >\n        \n\n\n  <div class=\"banner has-hover\" id=\"banner-1343212792\">\n          <div class=\"banner-inner fill\">\n        <div class=\"banner-bg fill\" >\n            <img loading=\"lazy\" decoding=\"async\" width=\"1020\" height=\"574\" src=\"https:\/\/www.senson.fi\/wp-content\/uploads\/2020\/05\/Senson_gradient_1_RGB-1024x576.jpg\" class=\"bg attachment-large size-large\" alt=\"\" \/>                        <div class=\"overlay\"><\/div>            \n                    <\/div>\n\t\t\n        <div class=\"banner-layers container\">\n            <div class=\"fill banner-link\"><\/div>            \n\n   <div id=\"text-box-1553484276\" class=\"text-box banner-layer x50 md-x50 lg-x50 y50 md-y50 lg-y50 res-text\">\n                                <div class=\"text-box-content text dark\">\n              \n              <div class=\"text-inner text-center\">\n                  \n\n<p class=\"uppercase\"><span style=\"font-size: 300%;\"><strong>Senson Malted<\/strong><\/span><\/p>\n\n              <\/div>\n           <\/div>\n                            \n<style>\n#text-box-1553484276 {\n  width: 60%;\n}\n#text-box-1553484276 .text-box-content {\n  font-size: 100%;\n}\n<\/style>\n    <\/div>\n \n\n        <\/div>\n      <\/div>\n\n            \n<style>\n#banner-1343212792 {\n  padding-top: 75%;\n}\n#banner-1343212792 .overlay {\n  background-color: rgba(0, 0, 0, 0.17);\n}\n<\/style>\n  <\/div>\n\n\n\t<div class=\"img has-hover x md-x lg-x y md-y lg-y\" id=\"image_1511743850\">\n\t\t<a class=\"image-lightbox lightbox-gallery\" title=\"\" href=\"https:\/\/www.senson.fi\/wp-content\/uploads\/2020\/06\/senson_beverages_03-1024x604.jpg\">\t\t\t\t\t\t<div class=\"img-inner image-cover dark\" style=\"padding-top:75%;\">\n\t\t\t<img loading=\"lazy\" decoding=\"async\" width=\"2560\" height=\"1509\" src=\"https:\/\/www.senson.fi\/wp-content\/uploads\/2020\/06\/senson_beverages_03-scaled.jpg\" class=\"attachment-original size-original\" alt=\"\" srcset=\"https:\/\/www.senson.fi\/wp-content\/uploads\/2020\/06\/senson_beverages_03-scaled.jpg 2560w, https:\/\/www.senson.fi\/wp-content\/uploads\/2020\/06\/senson_beverages_03-300x177.jpg 300w, https:\/\/www.senson.fi\/wp-content\/uploads\/2020\/06\/senson_beverages_03-1024x604.jpg 1024w, https:\/\/www.senson.fi\/wp-content\/uploads\/2020\/06\/senson_beverages_03-768x453.jpg 768w, https:\/\/www.senson.fi\/wp-content\/uploads\/2020\/06\/senson_beverages_03-1536x906.jpg 1536w, https:\/\/www.senson.fi\/wp-content\/uploads\/2020\/06\/senson_beverages_03-2048x1207.jpg 2048w\" sizes=\"auto, (max-width: 2560px) 100vw, 2560px\" \/>\t\t\t\t\t\t\n\t\t\t\t\t<\/div>\n\t\t\t\t\t\t<\/a>\t\t\n<style>\n#image_1511743850 {\n  width: 100%;\n}\n<\/style>\n\t<\/div>\n\t\n\n\n     <\/div>\n\n     <div class=\"loading-spin dark large centered\"><\/div>\n\n\t<\/div>\n\n\n\n\t\t<\/div>\n\t\t\t\t\t<\/div>\n\n\t\n\n\t<div id=\"col-98141927\" class=\"col medium-6 small-12 large-6\"  >\n\t\t\t\t<div class=\"col-inner\"  >\n\t\t\t\n\t\t\t\n\n<h1><span class=\"uppercase\">Senson Malted<\/span><br \/><span style=\"font-size: 0.75em;\">Fl\u00fcssige Malzextrakte<\/span><\/h1>\n\t<div id=\"gap-1316954962\" class=\"gap-element clearfix\" style=\"display:block; height:auto;\">\n\t\t\n<style>\n#gap-1316954962 {\n  padding-top: 15px;\n}\n<\/style>\n\t<\/div>\n\t\n\n<p>Senson Malted Serie sind fl\u00fcssige Malzextrakte aus Gerstenmalz. Abh\u00e4ngig von der gew\u00e4hlten Malzsorte und den Verarbeitungsschritten gibt es sie in verschiedenen Farben, Geschmacksrichtungen und mit funktionellen Eigenschaften. Helle Varianten werden aus hellem Pilsner Malz hergestellt und weisen angenehme Pilsner Malz Eigenschaften auf. Die goldene Variante wird ebenfalls aus hellem Pilsner Malz hergestellt, erh\u00e4lt aber durch den Druckkochprozess Karamellaromen, eine r\u00f6tliche Farbe und K\u00f6rper. Schwarze Varianten werden mit schwarzem Malz hergestellt und verleihen dem Endprodukt eine schwarze Farbe, R\u00f6staromen und Antioxidantien.<\/p>\n<h2><strong>Produkte:<\/strong><\/h2>\n<ul>\n<li>Senson Liquid Malt Light 10<\/li>\n<li>Senson Liquid Malt Gold 800<\/li>\n<li>Senson Liquid Malt Black 800 F<\/li>\n<li>Senson Liquid Malt Black 1200 F<strong><br \/><\/strong><\/li>\n<\/ul>\n\n\t\t<\/div>\n\t\t\t\t\t<\/div>\n\n\t\n\n\n<style>\n#row-108880545 > .col > .col-inner {\n  padding: 0px 5px 0px 5px;\n}\n@media (min-width:550px) {\n  #row-108880545 > .col > .col-inner {\n    padding: 0px 0px 0px 0px;\n  }\n}\n<\/style>\n<\/div>\n\n\t\t<\/div>\n\n\t\t\n<style>\n#section_1825685401 {\n  padding-top: 0px;\n  padding-bottom: 0px;\n}\n<\/style>\n\t<\/section>\n\t\n\n\t<section class=\"section\" id=\"section_1619909249\">\n\t\t<div class=\"section-bg fill\" >\n\t\t\t\t\t\t\t\t\t\n\t\t\t\n\n\t\t<\/div>\n\n\t\t\n\n\t\t<div class=\"section-content relative\">\n\t\t\t\n\n<div class=\"row\"  id=\"row-1334128959\">\n\n\n\t<div id=\"col-1400919437\" class=\"col small-12 large-12\"  >\n\t\t\t\t<div class=\"col-inner text-center\"  >\n\t\t\t\n\t\t\t\n\n\n\t\t<div class=\"tabbed-content\">\n\t\t\t<h4 class=\"uppercase text-left\">Infos<\/h4>\n\t\t\t<ul class=\"nav nav-tabs nav-uppercase nav-size-normal nav-left\" role=\"tablist\"><li id=\"tab-senson-liquid-malt-light-10\" class=\"tab active has-icon\" role=\"presentation\"><a href=\"#tab_senson-liquid-malt-light-10\" role=\"tab\" aria-selected=\"true\" aria-controls=\"tab_senson-liquid-malt-light-10\"><span>SENSON LIQUID MALT LIGHT 10<\/span><\/a><\/li>\n<li id=\"tab-senson-liquid-malt-gold-800\" class=\"tab has-icon\" role=\"presentation\"><a href=\"#tab_senson-liquid-malt-gold-800\" tabindex=\"-1\" role=\"tab\" aria-selected=\"false\" aria-controls=\"tab_senson-liquid-malt-gold-800\"><span>SENSON LIQUID Malt Gold 800<\/span><\/a><\/li>\n<li id=\"tab-senson-liquid-malt-black-800-f\" class=\"tab has-icon\" role=\"presentation\"><a href=\"#tab_senson-liquid-malt-black-800-f\" tabindex=\"-1\" role=\"tab\" aria-selected=\"false\" aria-controls=\"tab_senson-liquid-malt-black-800-f\"><span>Senson liquid malt Black 800 F<\/span><\/a><\/li>\n<li id=\"tab-senson-liquid-malt-black-1200-f\" class=\"tab has-icon\" role=\"presentation\"><a href=\"#tab_senson-liquid-malt-black-1200-f\" tabindex=\"-1\" role=\"tab\" aria-selected=\"false\" aria-controls=\"tab_senson-liquid-malt-black-1200-f\"><span>Senson Liquid Malt Black 1200 F<\/span><\/a><\/li><\/ul><div class=\"tab-panels\"><div id=\"tab_senson-liquid-malt-light-10\" class=\"panel active entry-content\" role=\"tabpanel\" aria-labelledby=\"tab-senson-liquid-malt-light-10\">\n\n<p style=\"text-align: left;\">Senson Liquid Malt Light 10 ist ein enzymatisch inaktiver hellbrauner Malzextrakt. Er wird aus gem\u00e4lzter Gerste hergestellt und hat einen charakteristischen Malzgeschmack. Es enth\u00e4lt keine Farbstoffe, Konservierungsmittel oder andere Lebensmittelzusatzstoffe.<\/p>\n<table id=\"product\">\n<tbody>\n<tr>\n<th>\n<h4>Name der Produkte<\/h4>\n<\/th>\n<th>\n<h4>Farbe EBC, <br \/>10%w\/v<\/h4>\n<\/th>\n<th>\n<h4>Brix<\/h4>\n<\/th>\n<th>\n<h4>pH-Wert<\/h4>\n<\/th>\n<th>\n<h4>Viskosit\u00e4t mPas, <br \/>20\u00b0C<\/h4>\n<\/th>\n<th>\n<h4>Typisches Aroma<\/h4>\n<\/th>\n<\/tr>\n<tr>\n<td>Senson Liquid Malt Light 10<\/td>\n<td>3-20<\/td>\n<td>80-82<\/td>\n<td>5.2-6.0<\/td>\n<td>&lt;60000<\/td>\n<td>malzig<\/td>\n<\/tr>\n<tr>\n<td>Senson Liquid Malt Gold 800<\/td>\n<td>800-950<\/td>\n<td>73-76<\/td>\n<td>3.5-4.5<\/td>\n<td>&lt;10000<\/td>\n<td>r\u00f6stmalz<\/td>\n<\/tr>\n<tr>\n<tr>\n<td>Senson Liquid Malt Black 800 F<\/td>\n<td>700-800<\/td>\n<td>45-55<\/td>\n<td>3.7-4.5<\/td>\n<td>&lt;200<\/td>\n<td>r\u00f6stmalz\u00a0<\/td>\n<\/tr>\n<tr>\n<td>Senson Liquid Malt Black 1200 F<\/td>\n<td>1200-1400<\/td>\n<td>45-55<\/td>\n<td>3.0-4.5<\/td>\n<td>&lt;1000<\/td>\n<td>r\u00f6stmalz<\/td>\n<\/tr>\n<tr>\n<td>\u00a0<\/td>\n<td>\u00a0<\/td>\n<td>\u00a0<\/td>\n<td>\u00a0<\/td>\n<td>\u00a0<\/td>\n<td>\u00a0<\/td>\n<\/tr>\n<\/tbody>\n<\/table>\n\n<\/div>\n<div id=\"tab_senson-liquid-malt-gold-800\" class=\"panel entry-content\" role=\"tabpanel\" aria-labelledby=\"tab-senson-liquid-malt-gold-800\">\n\n<p style=\"text-align: left;\">SENSON LIQUID MALT GOLD 800 GOLD ist ein inaktiver, r\u00f6tlicher, dunkler Malzextrakt. Er wird aus gem\u00e4lzter Gerste hergestellt und hat einen charakteristischen R\u00f6stmalzgeschmack. Er enth\u00e4lt keine Farbstoffe, Konservierungsmittel oder andere Lebensmittelzusatzstoffe.<\/p>\n<table id=\"product\">\n<tbody>\n<tr>\n<th>\n<h4>Name der Produkte<\/h4>\n<\/th>\n<th>\n<h4>Farbe EBC, <br \/>10%w\/v<\/h4>\n<\/th>\n<th>\n<h4>Brix<\/h4>\n<\/th>\n<th>\n<h4>pH-Wert<\/h4>\n<\/th>\n<th>\n<h4>Viskosit\u00e4t mPas, <br \/>20\u00b0C<\/h4>\n<\/th>\n<th>\n<h4>Typisches Aroma<\/h4>\n<\/th>\n<\/tr>\n<tr>\n<td>Senson Liquid Malt Light 10<\/td>\n<td>3-20<\/td>\n<td>80-82<\/td>\n<td>5.2-6.0<\/td>\n<td>&lt;60000<\/td>\n<td>malzig<\/td>\n<\/tr>\n<tr>\n<td>Senson Liquid Malt Gold 800<\/td>\n<td>800-950<\/td>\n<td>73-76<\/td>\n<td>3.5-4.5<\/td>\n<td>&lt;10000<\/td>\n<td>r\u00f6stmalz<\/td>\n<\/tr>\n<tr>\n<td>Senson Liquid Malt Black 800 F<\/td>\n<td>700-800<\/td>\n<td>45-55<\/td>\n<td>3.7-4.5<\/td>\n<td>&lt;200<\/td>\n<td>r\u00f6stmalz<\/td>\n<\/tr>\n<tr>\n<td>Senson Liquid Malt Black 1200 F<\/td>\n<td>1200-1400<\/td>\n<td>45-55<\/td>\n<td>3.0-4.5<\/td>\n<td>&lt;1000<\/td>\n<td>r\u00f6stmalz<\/td>\n<\/tr>\n<tr>\n<td>\u00a0<\/td>\n<td>\u00a0<\/td>\n<td>\u00a0<\/td>\n<td>\u00a0<\/td>\n<td>\u00a0<\/td>\n<td>\u00a0<\/td>\n<\/tr>\n<\/tbody>\n<\/table>\n\n<\/div>\n<div id=\"tab_senson-liquid-malt-black-800-f\" class=\"panel entry-content\" role=\"tabpanel\" aria-labelledby=\"tab-senson-liquid-malt-black-800-f\">\n\n<p style=\"text-align: left;\">SENSON LIQUID MALT BLACK 800 F ist ein enzymatisch inaktiver, sehr dunkler Malzextrakt. Er wird aus ger\u00f6stetem Gerstenmalz hergestellt und hat einen charakteristischen R\u00f6stmalzgeschmack. Er enth\u00e4lt keine Farbstoffe, Konservierungsmittel oder andere Lebensmittelzusatzstoffe.<\/p>\n<table id=\"product\">\n<tbody>\n<tr>\n<th>\n<h4>Name der Produkte<\/h4>\n<\/th>\n<th>\n<h4>Farbe EBC, <br \/>10%w\/v<\/h4>\n<\/th>\n<th>\n<h4>Brix<\/h4>\n<\/th>\n<th>\n<h4>pH-Wert<\/h4>\n<\/th>\n<th>\n<h4>Viskosit\u00e4t mPas, <br \/>20\u00b0C<\/h4>\n<\/th>\n<th>\n<h4>Typisches Aroma<\/h4>\n<\/th>\n<\/tr>\n<tr>\n<td>Senson Liquid Malt Light 10<\/td>\n<td>3-20<\/td>\n<td>80-82<\/td>\n<td>5.2-6.0<\/td>\n<td>&lt;60000<\/td>\n<td>malzig<\/td>\n<\/tr>\n<tr>\n<td>Senson Liquid Malt Gold 800<\/td>\n<td>800-950<\/td>\n<td>73-76<\/td>\n<td>3.5-4.5<\/td>\n<td>&lt;10000<\/td>\n<td>r\u00f6stmalz<\/td>\n<\/tr>\n<tr>\n<td>Senson Liquid Malt Black 800 F<\/td>\n<td>700-800<\/td>\n<td>45-55<\/td>\n<td>3.7-4.5<\/td>\n<td>&lt;200<\/td>\n<td>r\u00f6stmalz<\/td>\n<\/tr>\n<tr>\n<td>Senson Liquid Malt Black 1200 F<\/td>\n<td>1200-1400<\/td>\n<td>45-55<\/td>\n<td>3.0-4.5<\/td>\n<td>&lt;1000<\/td>\n<td>r\u00f6stmalz<\/td>\n<\/tr>\n<tr>\n<td>\u00a0<\/td>\n<td>\u00a0<\/td>\n<td>\u00a0<\/td>\n<td>\u00a0<\/td>\n<td>\u00a0<\/td>\n<td>\u00a0<\/td>\n<\/tr>\n<\/tbody>\n<\/table>\n\n<\/div>\n<div id=\"tab_senson-liquid-malt-black-1200-f\" class=\"panel entry-content\" role=\"tabpanel\" aria-labelledby=\"tab-senson-liquid-malt-black-1200-f\">\n\n<p style=\"text-align: left;\">SENSON LIQUID MALT BLACK 1200 F ist ein inaktiver, sehr dunkler Malzextrakt. Er wird aus ger\u00f6stetem Gerstenmalz hergestellt und hat einen charakteristischen R\u00f6stgeschmack, allerdings mit weniger Bitterkeit im Vergleich zu einem normalen Schwarzmalzextrakt. Er enth\u00e4lt keine Farbstoffe, Konservierungsmittel oder andere Lebensmittelzusatzstoffe.<\/p>\n<table id=\"product\">\n<tbody>\n<tr>\n<th>\n<h4>Name der Produkte<\/h4>\n<\/th>\n<th>\n<h4>Farbe EBC, <br \/>10%w\/v<\/h4>\n<\/th>\n<th>\n<h4>Brix<\/h4>\n<\/th>\n<th>\n<h4>pH-Wert<\/h4>\n<\/th>\n<th>\n<h4>Viskosit\u00e4t mPas, <br \/>20\u00b0C<\/h4>\n<\/th>\n<th>\n<h4>Typisches Aroma<\/h4>\n<\/th>\n<\/tr>\n<tr>\n<td>Senson Liquid Malt Light 10<\/td>\n<td>3-20<\/td>\n<td>80-82<\/td>\n<td>5.2-6.0<\/td>\n<td>&lt;60000<\/td>\n<td>malzig<\/td>\n<\/tr>\n<tr>\n<td>Senson Liquid Malt Gold 800<\/td>\n<td>800-950<\/td>\n<td>73-76<\/td>\n<td>3.5-4.5<\/td>\n<td>&lt;10000<\/td>\n<td>r\u00f6stmalz<\/td>\n<\/tr>\n<tr>\n<td>Senson Liquid Malt Black 800<\/td>\n<td>800-950<\/td>\n<td>74-77<\/td>\n<td>3,7-4.5<\/td>\n<td>&lt;25000<\/td>\n<td>r\u00f6stmalz<\/td>\n<\/tr>\n<tr>\n<td>Senson Liquid Malt Black 1200 F<\/td>\n<td>1200-1400<\/td>\n<td>45-55<\/td>\n<td>3.0-4.5<\/td>\n<td>&lt;1000<\/td>\n<td>r\u00f6stmalz<\/td>\n<\/tr>\n<tr>\n<td>\u00a0<\/td>\n<td>\u00a0<\/td>\n<td>\u00a0<\/td>\n<td>\u00a0<\/td>\n<td>\u00a0<\/td>\n<td>\u00a0<\/td>\n<\/tr>\n<\/tbody>\n<\/table>\n\n<\/div><\/div><\/div>\n\n\t\t<\/div>\n\t\t\t\t\t<\/div>\n\n\t\n\n\n<style>\n#row-1334128959 > .col > .col-inner {\n  padding: 35px 5px 0px 5px;\n}\n@media (min-width:550px) {\n  #row-1334128959 > .col > .col-inner {\n    padding: 35px 0px 0px 0px;\n  }\n}\n<\/style>\n<\/div>\n\n\t\t<\/div>\n\n\t\t\n<style>\n#section_1619909249 {\n  padding-top: 0px;\n  padding-bottom: 0px;\n}\n<\/style>\n\t<\/section>\n\t\n\n\t<section class=\"section\" id=\"section_1854659981\">\n\t\t<div class=\"section-bg fill\" >\n\t\t\t\t\t\t\t\t\t\n\t\t\t\n\n\t\t<\/div>\n\n\t\t\n\n\t\t<div class=\"section-content relative\">\n\t\t\t\n\n<div class=\"row\"  id=\"row-1030740430\">\n\n\n\t<div id=\"col-2142181719\" class=\"col small-12 large-12\"  >\n\t\t\t\t<div class=\"col-inner\"  >\n\t\t\t\n\t\t\t\n\n\n  \n    <div class=\"row large-columns-3 medium-columns-2 small-columns-1 slider row-slider slider-nav-reveal slider-nav-push\"  data-flickity-options='{&quot;imagesLoaded&quot;: true, &quot;groupCells&quot;: &quot;100%&quot;, &quot;dragThreshold&quot; : 5, &quot;cellAlign&quot;: &quot;left&quot;,&quot;wrapAround&quot;: true,&quot;prevNextButtons&quot;: true,&quot;percentPosition&quot;: true,&quot;pageDots&quot;: false, &quot;rightToLeft&quot;: false, &quot;autoPlay&quot; : false}' >\n\n  <div class=\"col post-item\" >\n\t\t\t<div class=\"col-inner\">\n\t\t\t\t<div class=\"box box-normal box-text-bottom box-blog-post has-hover\">\n            \t\t\t\t\t<div class=\"box-image\" >\n  \t\t\t\t\t\t<div class=\"image-cover\" style=\"padding-top:56.25%;\">\n\t\t\t\t\t\t\t<a href=\"https:\/\/www.senson.fi\/de\/malted\/liquid-black-malt-extracts-for-brewery-applications-made-with-viking-malt-malts\/\" class=\"plain\" aria-label=\"Fl\u00fcssige Schwarzmalzextrakte f\u00fcr Brauereianwendungen, hergestellt mit Viking Malt -Malzen\">\n\t\t\t\t\t\t\t\t<img loading=\"lazy\" decoding=\"async\" width=\"300\" height=\"169\" src=\"https:\/\/www.senson.fi\/wp-content\/uploads\/2021\/03\/Senson_cheers_web-300x169.jpg\" class=\"attachment-medium size-medium wp-post-image\" alt=\"\" srcset=\"https:\/\/www.senson.fi\/wp-content\/uploads\/2021\/03\/Senson_cheers_web-300x169.jpg 300w, https:\/\/www.senson.fi\/wp-content\/uploads\/2021\/03\/Senson_cheers_web-1024x576.jpg 1024w, https:\/\/www.senson.fi\/wp-content\/uploads\/2021\/03\/Senson_cheers_web-768x432.jpg 768w, https:\/\/www.senson.fi\/wp-content\/uploads\/2021\/03\/Senson_cheers_web.jpg 1200w\" sizes=\"auto, (max-width: 300px) 100vw, 300px\" \/>\t\t\t\t\t\t\t<\/a>\n  \t\t\t\t\t\t\t  \t\t\t\t\t\t\t  \t\t\t\t\t\t<\/div>\n  \t\t\t\t\t\t  \t\t\t\t\t<\/div>\n          \t\t\t\t\t<div class=\"box-text text-center\" >\n\t\t\t\t\t<div class=\"box-text-inner blog-post-inner\">\n\n\t\t\t\t\t\n\t\t\t\t\t\t\t\t\t\t\t<p class=\"cat-label tag-label is-xxsmall op-7 uppercase\">\n\t\t\t\t\tGem\u00e4lzt \t\t\t\t\t<\/p>\n\t\t\t\t\t\t\t\t\t\t<h5 class=\"post-title is-large\">\n\t\t\t\t\t\t<a href=\"https:\/\/www.senson.fi\/de\/malted\/liquid-black-malt-extracts-for-brewery-applications-made-with-viking-malt-malts\/\" class=\"plain\">Fl\u00fcssige Schwarzmalzextrakte f\u00fcr Brauereianwendungen, hergestellt mit Viking Malt -Malzen<\/a>\n\t\t\t\t\t<\/h5>\n\t\t\t\t\t\t\t\t\t\t<div class=\"is-divider\"><\/div>\n\t\t\t\t\t\t\t\t\t\t<p class=\"from_the_blog_excerpt\">\n\t\t\t\t\t\tDie Fl\u00fcssigmalzprodukte von Senson sind f\u00fcr ihre Qualit\u00e4t bekannt.  Eines der Geheimnisse der...\t\t\t\t\t<\/p>\n\t\t\t\t\t                    \n\t\t\t\t\t\t\t\t\t\t\t<a href=\"https:\/\/www.senson.fi\/de\/malted\/liquid-black-malt-extracts-for-brewery-applications-made-with-viking-malt-malts\/\" class=\"button primary is-outline is-small mb-0\">\n\t\t\t\t\t\t\tMehr lesen\t\t\t\t\t\t<\/a>\n\t\t\t\t\t\n\t\t\t\t\t\n\t\t\t\t\t<\/div>\n\t\t\t\t\t<\/div>\n\t\t\t\t\t\t\t\t\t<\/div>\n\t\t\t<\/div>\n\t\t<\/div><div class=\"col post-item\" >\n\t\t\t<div class=\"col-inner\">\n\t\t\t\t<div class=\"box box-normal box-text-bottom box-blog-post has-hover\">\n            \t\t\t\t\t<div class=\"box-image\" >\n  \t\t\t\t\t\t<div class=\"image-cover\" style=\"padding-top:56.25%;\">\n\t\t\t\t\t\t\t<a href=\"https:\/\/www.senson.fi\/de\/malted\/did-you-know-that-malt-extracts-can-improve-shelf-life-of-the-bakery-products\/\" class=\"plain\" aria-label=\"Wussten Sie, dass Malzextrakte die Haltbarkeit von Backwaren verbessern k\u00f6nnen?\">\n\t\t\t\t\t\t\t\t<img loading=\"lazy\" decoding=\"async\" width=\"300\" height=\"200\" src=\"https:\/\/www.senson.fi\/wp-content\/uploads\/2020\/06\/senson_bakery_04-300x200.jpg\" class=\"attachment-medium size-medium wp-post-image\" alt=\"\" srcset=\"https:\/\/www.senson.fi\/wp-content\/uploads\/2020\/06\/senson_bakery_04-300x200.jpg 300w, https:\/\/www.senson.fi\/wp-content\/uploads\/2020\/06\/senson_bakery_04-1024x683.jpg 1024w, https:\/\/www.senson.fi\/wp-content\/uploads\/2020\/06\/senson_bakery_04-768x512.jpg 768w, https:\/\/www.senson.fi\/wp-content\/uploads\/2020\/06\/senson_bakery_04.jpg 1500w\" sizes=\"auto, (max-width: 300px) 100vw, 300px\" \/>\t\t\t\t\t\t\t<\/a>\n  \t\t\t\t\t\t\t  \t\t\t\t\t\t\t  \t\t\t\t\t\t<\/div>\n  \t\t\t\t\t\t  \t\t\t\t\t<\/div>\n          \t\t\t\t\t<div class=\"box-text text-center\" >\n\t\t\t\t\t<div class=\"box-text-inner blog-post-inner\">\n\n\t\t\t\t\t\n\t\t\t\t\t\t\t\t\t\t\t<p class=\"cat-label tag-label is-xxsmall op-7 uppercase\">\n\t\t\t\t\tMalzsauer \t\t\t\t\t<\/p>\n\t\t\t\t\t\t\t\t\t\t<h5 class=\"post-title is-large\">\n\t\t\t\t\t\t<a href=\"https:\/\/www.senson.fi\/de\/malted\/did-you-know-that-malt-extracts-can-improve-shelf-life-of-the-bakery-products\/\" class=\"plain\">Wussten Sie, dass Malzextrakte die Haltbarkeit von Backwaren verbessern k\u00f6nnen?<\/a>\n\t\t\t\t\t<\/h5>\n\t\t\t\t\t\t\t\t\t\t<div class=\"is-divider\"><\/div>\n\t\t\t\t\t\t\t\t\t\t<p class=\"from_the_blog_excerpt\">\n\t\t\t\t\t\tAufgrund der ungew\u00f6hnlichen Zeiten, in denen wir leben, \u00e4ndern die Menschen ihre Art zu handeln...\t\t\t\t\t<\/p>\n\t\t\t\t\t                    \n\t\t\t\t\t\t\t\t\t\t\t<a href=\"https:\/\/www.senson.fi\/de\/malted\/did-you-know-that-malt-extracts-can-improve-shelf-life-of-the-bakery-products\/\" class=\"button primary is-outline is-small mb-0\">\n\t\t\t\t\t\t\tMehr lesen\t\t\t\t\t\t<\/a>\n\t\t\t\t\t\n\t\t\t\t\t\n\t\t\t\t\t<\/div>\n\t\t\t\t\t<\/div>\n\t\t\t\t\t\t\t\t\t<\/div>\n\t\t\t<\/div>\n\t\t<\/div><\/div>\n\n\n\t\t<\/div>\n\t\t\t\t\t<\/div>\n\n\t\n\n<\/div>\n\n\t\t<\/div>\n\n\t\t\n<style>\n#section_1854659981 {\n  padding-top: 30px;\n  padding-bottom: 30px;\n}\n<\/style>\n\t<\/section>","protected":false},"excerpt":{"rendered":"","protected":false},"author":1,"featured_media":0,"parent":482,"menu_order":0,"comment_status":"closed","ping_status":"closed","template":"page-blank.php","meta":{"footnotes":""},"class_list":["post-621","page","type-page","status-publish","hentry"],"yoast_head":"<!-- This site is optimized with the Yoast SEO plugin v27.4 - https:\/\/yoast.com\/product\/yoast-seo-wordpress\/ -->\n<title>Senson Malted - Liquid malt extracts - Senson<\/title>\n<meta name=\"robots\" content=\"index, follow, max-snippet:-1, max-image-preview:large, max-video-preview:-1\" \/>\n<link rel=\"canonical\" href=\"https:\/\/www.senson.fi\/de\/produkte\/senson-gemalzt\/\" \/>\n<meta property=\"og:locale\" content=\"de_DE\" \/>\n<meta property=\"og:type\" content=\"article\" \/>\n<meta property=\"og:title\" content=\"Senson Malted - Liquid malt extracts - Senson\" \/>\n<meta property=\"og:url\" content=\"https:\/\/www.senson.fi\/de\/produkte\/senson-gemalzt\/\" \/>\n<meta property=\"og:site_name\" content=\"Senson\" \/>\n<meta property=\"article:modified_time\" content=\"2024-11-10T18:41:36+00:00\" \/>\n<meta name=\"twitter:card\" content=\"summary_large_image\" \/>\n<meta name=\"twitter:label1\" content=\"Gesch\u00e4tzte Lesezeit\" \/>\n\t<meta name=\"twitter:data1\" content=\"5\u00a0Minuten\" \/>\n<script type=\"application\/ld+json\" class=\"yoast-schema-graph\">{\"@context\":\"https:\\\/\\\/schema.org\",\"@graph\":[{\"@type\":\"WebPage\",\"@id\":\"https:\\\/\\\/www.senson.fi\\\/products\\\/senson-malted\\\/\",\"url\":\"https:\\\/\\\/www.senson.fi\\\/products\\\/senson-malted\\\/\",\"name\":\"Senson Malted - Liquid malt extracts - Senson\",\"isPartOf\":{\"@id\":\"https:\\\/\\\/www.senson.fi\\\/#website\"},\"datePublished\":\"2020-05-13T07:45:06+00:00\",\"dateModified\":\"2024-11-10T18:41:36+00:00\",\"breadcrumb\":{\"@id\":\"https:\\\/\\\/www.senson.fi\\\/products\\\/senson-malted\\\/#breadcrumb\"},\"inLanguage\":\"de\",\"potentialAction\":[{\"@type\":\"ReadAction\",\"target\":[\"https:\\\/\\\/www.senson.fi\\\/products\\\/senson-malted\\\/\"]}]},{\"@type\":\"BreadcrumbList\",\"@id\":\"https:\\\/\\\/www.senson.fi\\\/products\\\/senson-malted\\\/#breadcrumb\",\"itemListElement\":[{\"@type\":\"ListItem\",\"position\":1,\"name\":\"Home\",\"item\":\"https:\\\/\\\/www.senson.fi\\\/\"},{\"@type\":\"ListItem\",\"position\":2,\"name\":\"Products\",\"item\":\"https:\\\/\\\/www.senson.fi\\\/products\\\/\"},{\"@type\":\"ListItem\",\"position\":3,\"name\":\"Senson Malted &#8211; Liquid malt extracts\"}]},{\"@type\":\"WebSite\",\"@id\":\"https:\\\/\\\/www.senson.fi\\\/#website\",\"url\":\"https:\\\/\\\/www.senson.fi\\\/\",\"name\":\"Senson\",\"description\":\"More by Nature\",\"potentialAction\":[{\"@type\":\"SearchAction\",\"target\":{\"@type\":\"EntryPoint\",\"urlTemplate\":\"https:\\\/\\\/www.senson.fi\\\/?s={search_term_string}\"},\"query-input\":{\"@type\":\"PropertyValueSpecification\",\"valueRequired\":true,\"valueName\":\"search_term_string\"}}],\"inLanguage\":\"de\"}]}<\/script>\n<!-- \/ Yoast SEO plugin. -->","yoast_head_json":{"title":"Senson Malted - Fl\u00fcssige Malzextrakte - Senson","robots":{"index":"index","follow":"follow","max-snippet":"max-snippet:-1","max-image-preview":"max-image-preview:large","max-video-preview":"max-video-preview:-1"},"canonical":"https:\/\/www.senson.fi\/de\/produkte\/senson-gemalzt\/","og_locale":"de_DE","og_type":"article","og_title":"Senson Malted - Liquid malt extracts - Senson","og_url":"https:\/\/www.senson.fi\/de\/produkte\/senson-gemalzt\/","og_site_name":"Senson","article_modified_time":"2024-11-10T18:41:36+00:00","twitter_card":"summary_large_image","twitter_misc":{"Gesch\u00e4tzte Lesezeit":"5\u00a0Minuten"},"schema":{"@context":"https:\/\/schema.org","@graph":[{"@type":"WebPage","@id":"https:\/\/www.senson.fi\/products\/senson-malted\/","url":"https:\/\/www.senson.fi\/products\/senson-malted\/","name":"Senson Malted - Fl\u00fcssige Malzextrakte - Senson","isPartOf":{"@id":"https:\/\/www.senson.fi\/#website"},"datePublished":"2020-05-13T07:45:06+00:00","dateModified":"2024-11-10T18:41:36+00:00","breadcrumb":{"@id":"https:\/\/www.senson.fi\/products\/senson-malted\/#breadcrumb"},"inLanguage":"de","potentialAction":[{"@type":"ReadAction","target":["https:\/\/www.senson.fi\/products\/senson-malted\/"]}]},{"@type":"BreadcrumbList","@id":"https:\/\/www.senson.fi\/products\/senson-malted\/#breadcrumb","itemListElement":[{"@type":"ListItem","position":1,"name":"Home","item":"https:\/\/www.senson.fi\/"},{"@type":"ListItem","position":2,"name":"Products","item":"https:\/\/www.senson.fi\/products\/"},{"@type":"ListItem","position":3,"name":"Senson Malted &#8211; Liquid malt extracts"}]},{"@type":"WebSite","@id":"https:\/\/www.senson.fi\/#website","url":"https:\/\/www.senson.fi\/","name":"Senson","description":"More by Nature","potentialAction":[{"@type":"SearchAction","target":{"@type":"EntryPoint","urlTemplate":"https:\/\/www.senson.fi\/?s={search_term_string}"},"query-input":{"@type":"PropertyValueSpecification","valueRequired":true,"valueName":"search_term_string"}}],"inLanguage":"de"}]}},"_links":{"self":[{"href":"https:\/\/www.senson.fi\/de\/wp-json\/wp\/v2\/pages\/621","targetHints":{"allow":["GET"]}}],"collection":[{"href":"https:\/\/www.senson.fi\/de\/wp-json\/wp\/v2\/pages"}],"about":[{"href":"https:\/\/www.senson.fi\/de\/wp-json\/wp\/v2\/types\/page"}],"author":[{"embeddable":true,"href":"https:\/\/www.senson.fi\/de\/wp-json\/wp\/v2\/users\/1"}],"replies":[{"embeddable":true,"href":"https:\/\/www.senson.fi\/de\/wp-json\/wp\/v2\/comments?post=621"}],"version-history":[{"count":99,"href":"https:\/\/www.senson.fi\/de\/wp-json\/wp\/v2\/pages\/621\/revisions"}],"predecessor-version":[{"id":5592,"href":"https:\/\/www.senson.fi\/de\/wp-json\/wp\/v2\/pages\/621\/revisions\/5592"}],"up":[{"embeddable":true,"href":"https:\/\/www.senson.fi\/de\/wp-json\/wp\/v2\/pages\/482"}],"wp:attachment":[{"href":"https:\/\/www.senson.fi\/de\/wp-json\/wp\/v2\/media?parent=621"}],"curies":[{"name":"wp","href":"https:\/\/api.w.org\/{rel}","templated":true}]}}