{"id":5628,"date":"2024-11-11T08:14:22","date_gmt":"2024-11-11T06:14:22","guid":{"rendered":"https:\/\/www.senson.fi\/?page_id=5628"},"modified":"2024-11-14T13:44:07","modified_gmt":"2024-11-14T11:44:07","slug":"nordische-zutaten","status":"publish","type":"page","link":"https:\/\/www.senson.fi\/de\/nordic-ingredients\/","title":{"rendered":"Nordische Zutaten"},"content":{"rendered":"<div class=\"banner has-hover\" id=\"banner-1005286877\">\n          <div class=\"banner-inner fill\">\n        <div class=\"banner-bg fill\" >\n            <img loading=\"lazy\" decoding=\"async\" width=\"1200\" height=\"798\" src=\"https:\/\/www.senson.fi\/wp-content\/uploads\/2024\/11\/senson_sustainability_05.jpeg\" class=\"bg attachment-original size-original\" alt=\"\" \/>                        <div class=\"overlay\"><\/div>            \n                    <\/div>\n\t\t\n        <div class=\"banner-layers container\">\n            <div class=\"fill banner-link\"><\/div>            \n\n   <div id=\"text-box-1065065604\" class=\"text-box banner-layer x50 md-x50 lg-x50 y50 md-y80 lg-y50 res-text\">\n              <div data-parallax=\"-3\" data-parallax-fade=\"true\">       <div data-animate=\"none\">           <div class=\"text-box-content text dark text-shadow-1\">\n              \n              <div class=\"text-inner text-center\">\n                  \n\n<h1>Die einzigartigen nordischen Produkte von Senson<\/h1>\n<p class=\"lead\">Nachhaltige nordische pflanzliche Zutaten f\u00fcr die Lebensmittel- und Getr\u00e4nkeindustrie<\/p>\n\n              <\/div>\n           <\/div>\n       <\/div>       <\/div>              \n<style>\n#text-box-1065065604 .text-inner {\n  padding: 0px 10px 0px 10px;\n}\n#text-box-1065065604 {\n  width: 100%;\n}\n#text-box-1065065604 .text-box-content {\n  font-size: 131%;\n}\n@media (min-width:550px) {\n  #text-box-1065065604 .text-inner {\n    padding: 0px 5px 0px 5px;\n  }\n  #text-box-1065065604 {\n    width: 59%;\n  }\n  #text-box-1065065604 .text-box-content {\n    font-size: 100%;\n  }\n}\n<\/style>\n    <\/div>\n \n\n        <\/div>\n      <\/div>\n\n            \n<style>\n#banner-1005286877 {\n  padding-top: 480px;\n}\n#banner-1005286877 .overlay {\n  background-color: rgba(0, 73, 83, 0.5);\n}\n#banner-1005286877 .banner-bg img {\n  object-position: 52% 100%;\n}\n@media (min-width:550px) {\n  #banner-1005286877 {\n    padding-top: 480px;\n  }\n}\n@media (min-width:850px) {\n  #banner-1005286877 {\n    padding-top: 580px;\n  }\n}\n<\/style>\n  <\/div>\n\n\n<p>&nbsp;<\/p>\n\n\t<section class=\"section\" id=\"section_253265758\">\n\t\t<div class=\"section-bg fill\" >\n\t\t\t\t\t\t\t\t\t\n\t\t\t\n\n\t\t<\/div>\n\n\t\t\n\n\t\t<div class=\"section-content relative\">\n\t\t\t\n\n<div class=\"container section-title-container\" ><h2 class=\"section-title section-title-normal\"><b aria-hidden=\"true\"><\/b><span class=\"section-title-main\" >Nordische Umwelt<\/span><b aria-hidden=\"true\"><\/b><\/h2><\/div>\n\n<div class=\"row align-center\"  id=\"row-1638661865\">\n\n\n\t<div id=\"col-1721532919\" class=\"col medium-11 small-12 large-11\"  >\n\t\t\t\t<div class=\"col-inner\"  >\n\t\t\t\n\t\t\t\n\n<p>Die nordische Umwelt mit ihrem einzigartigen Klima, den fruchtbaren B\u00f6den und den nachhaltigen Praktiken bietet ein unvergleichliches Umfeld f\u00fcr den Anbau von Getreide und Bohnen. Das Engagement der Region f\u00fcr Innovation und Umweltschutz sorgt daf\u00fcr, dass die nordische Landwirtschaft weiterhin floriert und qualitativ hochwertige Erzeugnisse produziert, die zur weltweiten Ern\u00e4hrungssicherheit beitragen.<\/p>\n\n\t<div id=\"text-394121087\" class=\"text\">\n\t\t\n\n<blockquote>\n<p>Aufbauend auf dieser starken landwirtschaftlichen Grundlage versorgt Senson Lebensmittel- und Getr\u00e4nkehersteller mit nachhaltigen, innovativen, nat\u00fcrlichen Inhaltsstoffen auf Pflanzenbasis, die au\u00dfergew\u00f6hnlichen Geschmack, N\u00e4hrwert und Kosteneffizienz bieten und alle aus der unber\u00fchrten nordischen Umwelt stammen. Wir nutzen die einzigartigen Pflanzen, die in dieser Region angebaut werden, und setzen uns daf\u00fcr ein, dass wir die Umwelt in einem noch besseren Zustand f\u00fcr k\u00fcnftige Generationen hinterlassen.<\/p>\n<\/blockquote>\n\n\t\t\n<style>\n#text-394121087 {\n  font-size: 0.8rem;\n  color: #004953;\n}\n#text-394121087 > * {\n  color: #004953;\n}\n<\/style>\n\t<\/div>\n\t\n\n\t\t<\/div>\n\t\t\t\t\t<\/div>\n\n\t\n\n\n<style>\n#row-1638661865 > .col > .col-inner {\n  padding: 0px 5px 0px 5px;\n}\n@media (min-width:550px) {\n  #row-1638661865 > .col > .col-inner {\n    padding: 0px 0px 0px 0px;\n  }\n}\n<\/style>\n<\/div>\n\n\t\t<\/div>\n\n\t\t\n<style>\n#section_253265758 {\n  padding-top: 0px;\n  padding-bottom: 0px;\n}\n<\/style>\n\t<\/section>\n\t\n\n\t<section class=\"section dark has-parallax\" id=\"section_1632242088\">\n\t\t<div class=\"section-bg fill\" data-parallax-container=\".section\" data-parallax-background data-parallax=\"-8\">\n\t\t\t<img loading=\"lazy\" decoding=\"async\" width=\"1200\" height=\"800\" src=\"https:\/\/www.senson.fi\/wp-content\/uploads\/2024\/11\/senson_sustainability_03.jpeg\" class=\"bg attachment-original size-original\" alt=\"\" \/>\t\t\t\t\t\t<div class=\"section-bg-overlay absolute fill\"><\/div>\n\t\t\t\n\n\t\t<\/div>\n\n\t\t\n\n\t\t<div class=\"section-content relative\">\n\t\t\t\n\n<div class=\"slider-wrapper relative\" id=\"slider-1038461007\" >\n    <div class=\"slider slider-nav-dots-dashes slider-nav-simple slider-nav-normal slider-nav-light slider-style-normal slider-show-nav\"\n        data-flickity-options='{            \"cellAlign\": \"center\",            \"imagesLoaded\": true,            \"lazyLoad\": 1,            \"freeScroll\": true,            \"wrapAround\": true,            \"autoPlay\": 6000,            \"pauseAutoPlayOnHover\" : true,            \"prevNextButtons\": true,            \"contain\" : true,            \"adaptiveHeight\" : true,            \"dragThreshold\" : 10,            \"percentPosition\": true,            \"pageDots\": true,            \"rightToLeft\": false,            \"draggable\": true,            \"selectedAttraction\": 0.1,            \"parallax\" : 0,            \"friction\": 0.6        }'\n        >\n        \n\n<div class=\"row align-center\"  id=\"row-409951624\">\n\n\n\t<div id=\"col-1438579847\" class=\"col medium-5 small-12 large-6\"  >\n\t\t\t\t<div class=\"col-inner text-left\"  >\n\t\t\t\n\t\t\t\n\n\t<div id=\"text-574602634\" class=\"text\">\n\t\t\n\n<h2><span data-text-color=\"secondary\">Kalte Winter<\/span><\/h2>\n<p>Im Winter gibt es nur wenige Stunden Tageslicht, die Felder sind schneebedeckt und die Temperaturen sinken gelegentlich auf -25 \u00b0C. F\u00fcr die Winterkulturen ist diese Schneedecke ein wichtiger Schutz vor den harten Minusgraden. Au\u00dferdem tragen die kalten Winter auf nat\u00fcrliche Weise dazu bei, das Vorkommen sch\u00e4dlicher Mikroben zu verringern.<\/p>\n\t\t\n<style>\n#text-574602634 {\n  text-align: center;\n}\n<\/style>\n\t<\/div>\n\t\n\n\t\t<\/div>\n\t\t\t\t\t<\/div>\n\n\t\n\n\n<style>\n#row-409951624 > .col > .col-inner {\n  padding: 0px 10px 15px 10px;\n}\n@media (min-width:550px) {\n  #row-409951624 > .col > .col-inner {\n    padding: 0px 0px 15px 0px;\n  }\n}\n<\/style>\n<\/div>\n<div class=\"row align-center\"  id=\"row-633335102\">\n\n\n\t<div id=\"col-1001022876\" class=\"col medium-5 small-12 large-6\"  >\n\t\t\t\t<div class=\"col-inner text-left\"  >\n\t\t\t\n\t\t\t\n\n\t<div id=\"text-318881047\" class=\"text\">\n\t\t\n\n<h2><span data-text-color=\"secondary\">Land der Mitternachtssonne<\/span><\/h2>\n<p>Im Sommer gibt es eine kontinuierliche Sonneneinstrahlung, die ein intensives Wachstum der Pflanzen bewirkt. Dieser Zeitraum ist entscheidend daf\u00fcr, dass das Getreide seinen N\u00e4hrstoff-, Eiwei\u00df- und St\u00e4rkegehalt voll entwickeln kann. Das reichliche Sonnenlicht beschleunigt die Photosynthese und sorgt f\u00fcr eine qualitativ hochwertige und reichhaltige Ernte.<\/p>\n\t\t\n<style>\n#text-318881047 {\n  text-align: center;\n}\n<\/style>\n\t<\/div>\n\t\n\n\t\t<\/div>\n\t\t\t\t\t<\/div>\n\n\t\n\n\n<style>\n#row-633335102 > .col > .col-inner {\n  padding: 0px 10px 15px 10px;\n}\n@media (min-width:550px) {\n  #row-633335102 > .col > .col-inner {\n    padding: 0px 0px 15px 0px;\n  }\n}\n<\/style>\n<\/div>\n\n     <\/div>\n\n     <div class=\"loading-spin dark large centered\"><\/div>\n\n\t<\/div>\n\n\n\n\t\t<\/div>\n\n\t\t\n<style>\n#section_1632242088 {\n  padding-top: 100px;\n  padding-bottom: 100px;\n  background-color: #004953;\n}\n#section_1632242088 .section-bg-overlay {\n  background-color: rgba(0, 73, 83, 0.7);\n}\n#section_1632242088 .section-bg img {\n  object-position: 65% 43%;\n}\n<\/style>\n\t<\/section>\n\t\n\n\t<section class=\"section\" id=\"section_1278565421\">\n\t\t<div class=\"section-bg fill\" >\n\t\t\t\t\t\t\t\t\t\n\t\t\t\n\n\t\t<\/div>\n\n\t\t\n\n\t\t<div class=\"section-content relative\">\n\t\t\t\n\n\t<div id=\"gap-478537636\" class=\"gap-element clearfix\" style=\"display:block; height:auto;\">\n\t\t\n<style>\n#gap-478537636 {\n  padding-top: 30px;\n}\n<\/style>\n\t<\/div>\n\t\n\n<div class=\"container section-title-container\" ><h2 class=\"section-title section-title-normal\"><b aria-hidden=\"true\"><\/b><span class=\"section-title-main\" >NORDIC Rohstoffe<\/span><b aria-hidden=\"true\"><\/b><\/h2><\/div>\n\n<div class=\"row align-center\"  id=\"row-429259167\">\n\n\n\t<div id=\"col-1905172922\" class=\"col medium-6 small-12 large-6\"  >\n\t\t\t\t<div class=\"col-inner text-left\"  >\n\t\t\t\n\t\t\t\n\n<h5 class=\"uppercase\">INDIVIDUELL AUSGEW\u00c4HLTES GETREIDE UND BOHNEN<\/h5>\n<p>Um w\u00e4hrend der kurzen, aber intensiven Anbausaison in Finnland optimale Ergebnisse zu erzielen, verwenden wir speziell ausgew\u00e4hlte Sorten von Gerste, Roggen, Hafer, Weizen und Ackerbohnen. Diese speziell ausgew\u00e4hlten Sorten wurden f\u00fcr die einzigartigen Bedingungen in Finnland mit kalten Wintern und intensiven Sommern mit 24\/7 Sonneneinstrahlung entwickelt.<\/p>\n\n\t\t<\/div>\n\t\t\t\t\t<\/div>\n\n\t\n\n\t<div id=\"col-1036799637\" class=\"col medium-6 small-12 large-6 small-col-first\"  >\n\t\t\t\t<div class=\"col-inner\"  >\n\t\t\t\n\t\t\t\n\n\t<div class=\"img has-hover x md-x lg-x y md-y lg-y\" id=\"image_30501823\">\n\t\t\t\t\t\t\t\t<div class=\"img-inner dark\" >\n\t\t\t<img loading=\"lazy\" decoding=\"async\" width=\"1500\" height=\"996\" src=\"https:\/\/www.senson.fi\/wp-content\/uploads\/2020\/06\/senson_rye_01.jpeg\" class=\"attachment-original size-original\" alt=\"\" srcset=\"https:\/\/www.senson.fi\/wp-content\/uploads\/2020\/06\/senson_rye_01.jpeg 1500w, https:\/\/www.senson.fi\/wp-content\/uploads\/2020\/06\/senson_rye_01-300x199.jpeg 300w, https:\/\/www.senson.fi\/wp-content\/uploads\/2020\/06\/senson_rye_01-1024x680.jpeg 1024w, https:\/\/www.senson.fi\/wp-content\/uploads\/2020\/06\/senson_rye_01-768x510.jpeg 768w\" sizes=\"auto, (max-width: 1500px) 100vw, 1500px\" \/>\t\t\t\t\t\t\n\t\t\t\t\t<\/div>\n\t\t\t\t\t\t\t\t\n<style>\n#image_30501823 {\n  width: 100%;\n}\n<\/style>\n\t<\/div>\n\t\n\n\n\t\t<\/div>\n\t\t\t\t\t<\/div>\n\n\t\n\n\n<style>\n#row-429259167 > .col > .col-inner {\n  padding: 30px 5px 0px 5px;\n}\n@media (min-width:550px) {\n  #row-429259167 > .col > .col-inner {\n    padding: 30px 0px 0px 0px;\n  }\n}\n<\/style>\n<\/div>\n<div class=\"row align-center\"  id=\"row-1305020488\">\n\n\n\t<div id=\"col-1807674318\" class=\"col medium-6 small-12 large-6\"  >\n\t\t\t\t<div class=\"col-inner\"  >\n\t\t\t\n\t\t\t\n\n\t<div class=\"img has-hover x md-x lg-x y md-y lg-y\" id=\"image_584124049\">\n\t\t\t\t\t\t\t\t<div class=\"img-inner dark\" >\n\t\t\t<img loading=\"lazy\" decoding=\"async\" width=\"1200\" height=\"800\" src=\"https:\/\/www.senson.fi\/wp-content\/uploads\/2024\/11\/senson_sustainability_04.jpeg\" class=\"attachment-original size-original\" alt=\"\" srcset=\"https:\/\/www.senson.fi\/wp-content\/uploads\/2024\/11\/senson_sustainability_04.jpeg 1200w, https:\/\/www.senson.fi\/wp-content\/uploads\/2024\/11\/senson_sustainability_04-300x200.jpeg 300w, https:\/\/www.senson.fi\/wp-content\/uploads\/2024\/11\/senson_sustainability_04-1024x683.jpeg 1024w, https:\/\/www.senson.fi\/wp-content\/uploads\/2024\/11\/senson_sustainability_04-768x512.jpeg 768w\" sizes=\"auto, (max-width: 1200px) 100vw, 1200px\" \/>\t\t\t\t\t\t\n\t\t\t\t\t<\/div>\n\t\t\t\t\t\t\t\t\n<style>\n#image_584124049 {\n  width: 100%;\n}\n<\/style>\n\t<\/div>\n\t\n\n\n\t\t<\/div>\n\t\t\t\t\t<\/div>\n\n\t\n\n\t<div id=\"col-47657452\" class=\"col medium-6 small-12 large-6\"  >\n\t\t\t\t<div class=\"col-inner text-left\"  >\n\t\t\t\n\t\t\t\n\n<h5 class=\"uppercase\">ZUSAMMENARBEIT MIT LANDWIRTEN<\/h5>\n<p>Die meisten Rohstoffe werden im Umkreis von 200 km um die Fabrik von Familienbetrieben bezogen. Wir arbeiten mit den Landwirten zusammen, um durch regenerative Landwirtschaft und Fruchtwechsel die Auswirkungen auf das Klima zu verringern und die Bodenqualit\u00e4t zu verbessern.<\/p>\n\n\t\t<\/div>\n\t\t\t\t\t<\/div>\n\n\t\n\n\n<style>\n#row-1305020488 > .col > .col-inner {\n  padding: 30px 5px 0px 5px;\n}\n@media (min-width:550px) {\n  #row-1305020488 > .col > .col-inner {\n    padding: 30px 0px 0px 0px;\n  }\n}\n<\/style>\n<\/div>\n<div class=\"row align-center\"  id=\"row-471475229\">\n\n\n\t<div id=\"col-782805342\" class=\"col medium-6 small-12 large-6\"  >\n\t\t\t\t<div class=\"col-inner text-left\"  >\n\t\t\t\n\t\t\t\n\n<h5 class=\"uppercase\">PURE Wasser<\/h5>\n<p>Finnland ist ein Land, das f\u00fcr seine 180.000 S\u00fc\u00dfwasserseen und eines der reinsten Gew\u00e4sser der Welt bekannt ist. Dieses Wasser dient zusammen mit Getreide und Bohnen als Hauptrohstoff f\u00fcr die Extrakte von Senson. Unser Wasser stammt aus einer Quelle auf einer Insel im Vesij\u00e4rvi-See, die sich in der N\u00e4he unserer Anlage befindet.<\/p>\n\n\t\t<\/div>\n\t\t\t\t\t<\/div>\n\n\t\n\n\t<div id=\"col-1327283285\" class=\"col medium-6 small-12 large-6 small-col-first\"  >\n\t\t\t\t<div class=\"col-inner\"  >\n\t\t\t\n\t\t\t\n\n\t<div class=\"img has-hover x md-x lg-x y md-y lg-y\" id=\"image_956770610\">\n\t\t\t\t\t\t\t\t<div class=\"img-inner dark\" >\n\t\t\t<img loading=\"lazy\" decoding=\"async\" width=\"1500\" height=\"999\" src=\"https:\/\/www.senson.fi\/wp-content\/uploads\/2020\/06\/senson_finland_01.jpg\" class=\"attachment-original size-original\" alt=\"\" srcset=\"https:\/\/www.senson.fi\/wp-content\/uploads\/2020\/06\/senson_finland_01.jpg 1500w, https:\/\/www.senson.fi\/wp-content\/uploads\/2020\/06\/senson_finland_01-300x200.jpg 300w, https:\/\/www.senson.fi\/wp-content\/uploads\/2020\/06\/senson_finland_01-1024x682.jpg 1024w, https:\/\/www.senson.fi\/wp-content\/uploads\/2020\/06\/senson_finland_01-768x511.jpg 768w\" sizes=\"auto, (max-width: 1500px) 100vw, 1500px\" \/>\t\t\t\t\t\t\n\t\t\t\t\t<\/div>\n\t\t\t\t\t\t\t\t\n<style>\n#image_956770610 {\n  width: 100%;\n}\n<\/style>\n\t<\/div>\n\t\n\n\n\t\t<\/div>\n\t\t\t\t\t<\/div>\n\n\t\n\n\n<style>\n#row-471475229 > .col > .col-inner {\n  padding: 30px 5px 0px 5px;\n}\n@media (min-width:550px) {\n  #row-471475229 > .col > .col-inner {\n    padding: 30px 0px 0px 0px;\n  }\n}\n<\/style>\n<\/div>\n\n\t\t<\/div>\n\n\t\t\n<style>\n#section_1278565421 {\n  padding-top: 0px;\n  padding-bottom: 0px;\n}\n<\/style>\n\t<\/section>","protected":false},"excerpt":{"rendered":"","protected":false},"author":1,"featured_media":0,"parent":0,"menu_order":0,"comment_status":"closed","ping_status":"closed","template":"page-blank.php","meta":{"footnotes":""},"class_list":["post-5628","page","type-page","status-publish","hentry"],"yoast_head":"<!-- This site is optimized with the Yoast SEO plugin v27.4 - https:\/\/yoast.com\/product\/yoast-seo-wordpress\/ -->\n<title>Nordic ingredients - Senson<\/title>\n<meta name=\"robots\" content=\"index, follow, max-snippet:-1, max-image-preview:large, max-video-preview:-1\" \/>\n<link rel=\"canonical\" href=\"https:\/\/www.senson.fi\/de\/nordische-zutaten\/\" \/>\n<meta property=\"og:locale\" content=\"de_DE\" \/>\n<meta property=\"og:type\" content=\"article\" \/>\n<meta property=\"og:title\" content=\"Nordic ingredients - Senson\" \/>\n<meta property=\"og:url\" content=\"https:\/\/www.senson.fi\/de\/nordische-zutaten\/\" \/>\n<meta property=\"og:site_name\" content=\"Senson\" \/>\n<meta property=\"article:modified_time\" content=\"2024-11-14T11:44:07+00:00\" \/>\n<meta name=\"twitter:card\" content=\"summary_large_image\" \/>\n<meta name=\"twitter:label1\" content=\"Gesch\u00e4tzte Lesezeit\" \/>\n\t<meta name=\"twitter:data1\" content=\"4\u00a0Minuten\" \/>\n<script type=\"application\/ld+json\" class=\"yoast-schema-graph\">{\"@context\":\"https:\\\/\\\/schema.org\",\"@graph\":[{\"@type\":\"WebPage\",\"@id\":\"https:\\\/\\\/www.senson.fi\\\/nordic-ingredients\\\/\",\"url\":\"https:\\\/\\\/www.senson.fi\\\/nordic-ingredients\\\/\",\"name\":\"Nordic ingredients - Senson\",\"isPartOf\":{\"@id\":\"https:\\\/\\\/www.senson.fi\\\/#website\"},\"datePublished\":\"2024-11-11T06:14:22+00:00\",\"dateModified\":\"2024-11-14T11:44:07+00:00\",\"breadcrumb\":{\"@id\":\"https:\\\/\\\/www.senson.fi\\\/nordic-ingredients\\\/#breadcrumb\"},\"inLanguage\":\"de\",\"potentialAction\":[{\"@type\":\"ReadAction\",\"target\":[\"https:\\\/\\\/www.senson.fi\\\/nordic-ingredients\\\/\"]}]},{\"@type\":\"BreadcrumbList\",\"@id\":\"https:\\\/\\\/www.senson.fi\\\/nordic-ingredients\\\/#breadcrumb\",\"itemListElement\":[{\"@type\":\"ListItem\",\"position\":1,\"name\":\"Home\",\"item\":\"https:\\\/\\\/www.senson.fi\\\/\"},{\"@type\":\"ListItem\",\"position\":2,\"name\":\"Nordic ingredients\"}]},{\"@type\":\"WebSite\",\"@id\":\"https:\\\/\\\/www.senson.fi\\\/#website\",\"url\":\"https:\\\/\\\/www.senson.fi\\\/\",\"name\":\"Senson\",\"description\":\"More by Nature\",\"potentialAction\":[{\"@type\":\"SearchAction\",\"target\":{\"@type\":\"EntryPoint\",\"urlTemplate\":\"https:\\\/\\\/www.senson.fi\\\/?s={search_term_string}\"},\"query-input\":{\"@type\":\"PropertyValueSpecification\",\"valueRequired\":true,\"valueName\":\"search_term_string\"}}],\"inLanguage\":\"de\"}]}<\/script>\n<!-- \/ Yoast SEO plugin. -->","yoast_head_json":{"title":"Nordische Zutaten - Senson","robots":{"index":"index","follow":"follow","max-snippet":"max-snippet:-1","max-image-preview":"max-image-preview:large","max-video-preview":"max-video-preview:-1"},"canonical":"https:\/\/www.senson.fi\/de\/nordische-zutaten\/","og_locale":"de_DE","og_type":"article","og_title":"Nordic ingredients - Senson","og_url":"https:\/\/www.senson.fi\/de\/nordische-zutaten\/","og_site_name":"Senson","article_modified_time":"2024-11-14T11:44:07+00:00","twitter_card":"summary_large_image","twitter_misc":{"Gesch\u00e4tzte Lesezeit":"4\u00a0Minuten"},"schema":{"@context":"https:\/\/schema.org","@graph":[{"@type":"WebPage","@id":"https:\/\/www.senson.fi\/nordic-ingredients\/","url":"https:\/\/www.senson.fi\/nordic-ingredients\/","name":"Nordische Zutaten - Senson","isPartOf":{"@id":"https:\/\/www.senson.fi\/#website"},"datePublished":"2024-11-11T06:14:22+00:00","dateModified":"2024-11-14T11:44:07+00:00","breadcrumb":{"@id":"https:\/\/www.senson.fi\/nordic-ingredients\/#breadcrumb"},"inLanguage":"de","potentialAction":[{"@type":"ReadAction","target":["https:\/\/www.senson.fi\/nordic-ingredients\/"]}]},{"@type":"BreadcrumbList","@id":"https:\/\/www.senson.fi\/nordic-ingredients\/#breadcrumb","itemListElement":[{"@type":"ListItem","position":1,"name":"Home","item":"https:\/\/www.senson.fi\/"},{"@type":"ListItem","position":2,"name":"Nordic ingredients"}]},{"@type":"WebSite","@id":"https:\/\/www.senson.fi\/#website","url":"https:\/\/www.senson.fi\/","name":"Senson","description":"More by Nature","potentialAction":[{"@type":"SearchAction","target":{"@type":"EntryPoint","urlTemplate":"https:\/\/www.senson.fi\/?s={search_term_string}"},"query-input":{"@type":"PropertyValueSpecification","valueRequired":true,"valueName":"search_term_string"}}],"inLanguage":"de"}]}},"_links":{"self":[{"href":"https:\/\/www.senson.fi\/de\/wp-json\/wp\/v2\/pages\/5628","targetHints":{"allow":["GET"]}}],"collection":[{"href":"https:\/\/www.senson.fi\/de\/wp-json\/wp\/v2\/pages"}],"about":[{"href":"https:\/\/www.senson.fi\/de\/wp-json\/wp\/v2\/types\/page"}],"author":[{"embeddable":true,"href":"https:\/\/www.senson.fi\/de\/wp-json\/wp\/v2\/users\/1"}],"replies":[{"embeddable":true,"href":"https:\/\/www.senson.fi\/de\/wp-json\/wp\/v2\/comments?post=5628"}],"version-history":[{"count":40,"href":"https:\/\/www.senson.fi\/de\/wp-json\/wp\/v2\/pages\/5628\/revisions"}],"predecessor-version":[{"id":5797,"href":"https:\/\/www.senson.fi\/de\/wp-json\/wp\/v2\/pages\/5628\/revisions\/5797"}],"wp:attachment":[{"href":"https:\/\/www.senson.fi\/de\/wp-json\/wp\/v2\/media?parent=5628"}],"curies":[{"name":"wp","href":"https:\/\/api.w.org\/{rel}","templated":true}]}}