{"id":1980,"date":"2020-09-14T14:11:03","date_gmt":"2020-09-14T11:11:03","guid":{"rendered":"https:\/\/www.senson.fi\/?page_id=1980"},"modified":"2020-09-16T15:02:53","modified_gmt":"2020-09-16T12:02:53","slug":"datenschutzbestimmungen","status":"publish","type":"page","link":"https:\/\/www.senson.fi\/de\/privacy-policy\/","title":{"rendered":"Datenschutzbestimmungen behandelt."},"content":{"rendered":"<section class=\"section\" id=\"section_1815762215\">\n\t\t<div class=\"section-bg fill\" >\n\t\t\t\t\t\t\t\t\t\n\t\t\t\n\n\t\t<\/div>\n\n\t\t\n\n\t\t<div class=\"section-content relative\">\n\t\t\t\n<div class=\"row align-center\"  id=\"row-79990531\">\n\n\t<div id=\"col-1853877789\" class=\"col medium-10 small-12 large-10\"  >\n\t\t\t\t<div class=\"col-inner text-left\"  >\n\t\t\t\n\t\t\t\n<h2 class=\"uppercase\" style=\"text-align: center;\"><span style=\"font-size: 220%;\">Datenschutzbestimmungen behandelt.<\/span><\/h2>\n<div class=\"text-center\"><div class=\"is-divider divider clearfix\" style=\"max-width:80px;height:7px;\"><\/div><\/div>\n<p class=\"lead\" style=\"text-align: center;\">Senson verarbeitet Ihre personenbezogenen Daten in \u00dcbereinstimmung mit den geltenden Datenschutzgesetzen. Unsere Datenschutzerkl\u00e4rung informiert Sie \u00fcber die Verarbeitung personenbezogener Daten durch Polttimo und die mit ihr verbundenen Konzernunternehmen wie Senson und Viking Malt (\"Polttimo\" oder \"wir\"). Die Informationen k\u00f6nnen durch spezifische Datenschutzerkl\u00e4rungen und zus\u00e4tzliche lokale Unterlagen erg\u00e4nzt werden. Beachten Sie auch, dass Ihre Rechte als betroffene Person je nach den geltenden Datenschutzgesetzen von Land zu Land unterschiedlich sein k\u00f6nnen. In unserer Datenschutzerkl\u00e4rung werden die Rechte gem\u00e4\u00df der Allgemeinen Datenschutzverordnung der EU (\"GDPR\") dargelegt. Zwingende Gesetze oder Vorschriften haben Vorrang, falls sie im Widerspruch zu dieser Datenschutzerkl\u00e4rung stehen und strengere Anforderungen stellen als diese. \u00a0 \u00a0<\/p>\n<p class=\"lead\" style=\"text-align: center;\">Diese Datenschutzerkl\u00e4rung ist in Datenschutzhinweise unterteilt, die sich auf die verschiedenen Funktionen zur Verarbeitung personenbezogener Daten im Konzern Polttimo beziehen.<\/p>\n\t\t<\/div>\n\t\t\t\t\n<style>\n#col-1853877789 > .col-inner {\n  padding: 70px 0px 0px 0px;\n}\n<\/style>\n\t<\/div>\n\n\t\n\n<style>\n#row-79990531 > .col > .col-inner {\n  padding: 50px 0px 0px 0px;\n}\n<\/style>\n<\/div>\n<div class=\"row align-center\"  id=\"row-1771583765\">\n\n\t<div id=\"col-117481414\" class=\"col small-12 large-12\"  >\n\t\t\t\t<div class=\"col-inner text-center\"  >\n\t\t\t\n\t\t\t\n<a href=\"\/wp-content\/uploads\/2020\/09\/Privacy-notice-Client-collaboration-partner-and-marketing-register-21022019-ID-12456.pdf\" target=\"_blank\" class=\"button primary\" rel=\"noopener\" >\n\t\t<span>Hinweis zum Datenschutz: Kunden, Kooperationspartner und Marketing (In English)<\/span>\n\t<\/a>\n\n\t\t<\/div>\n\t\t\t\t\t<\/div>\n\n\t\n\n\t<div id=\"col-234240799\" class=\"col small-12 large-12\"  >\n\t\t\t\t<div class=\"col-inner text-center\"  >\n\t\t\t\n\t\t\t\n<a href=\"\/wp-content\/uploads\/2020\/09\/Polttimo-Group-Privacy-Notice-for-job-applicants-11022019-ID-8153.pdf\" target=\"_blank\" class=\"button primary\" rel=\"noopener\" >\n\t\t<span>Hinweis zum Datenschutz: Stellenbewerber (In English)<\/span>\n\t<\/a>\n\n\t\t<\/div>\n\t\t\t\t\t<\/div>\n\n\t\n\n\t<div id=\"col-1559443954\" class=\"col small-12 large-12\"  >\n\t\t\t\t<div class=\"col-inner text-left\"  >\n\t\t\t\n\t\t\t\n<h3 style=\"text-align: center;\">Aktualisierungen der Datenschutzerkl\u00e4rung und der Datenschutzhinweise \u00a0<\/h3>\n<p style=\"text-align: center;\">Die Gruppe Polttimo entwickelt ihre Gesch\u00e4fts- und Datenschutzinstrumente st\u00e4ndig weiter und beh\u00e4lt sich das Recht vor, die Datenschutzhinweise zu \u00e4ndern. Wir k\u00f6nnen uns mit Ihnen in Verbindung setzen, um Sie \u00fcber Aktualisierungen oder \u00c4nderungen zu informieren, die sich auf Sie auswirken, wenn dies von den geltenden Gesetzen verlangt wird.<\/p>\n\t\t<\/div>\n\t\t\t\t\t<\/div>\n\n\t\n<\/div>\n\t\t<\/div>\n\n\t\t\n<style>\n#section_1815762215 {\n  padding-top: 0px;\n  padding-bottom: 0px;\n}\n<\/style>\n\t<\/section>","protected":false},"excerpt":{"rendered":"","protected":false},"author":1,"featured_media":0,"parent":0,"menu_order":0,"comment_status":"closed","ping_status":"closed","template":"page-blank.php","meta":{"footnotes":""},"class_list":["post-1980","page","type-page","status-publish","hentry"],"yoast_head":"<!-- This site is optimized with the Yoast SEO plugin v27.4 - https:\/\/yoast.com\/product\/yoast-seo-wordpress\/ -->\n<title>Privacy Policy - Senson<\/title>\n<meta name=\"robots\" content=\"index, follow, max-snippet:-1, max-image-preview:large, max-video-preview:-1\" \/>\n<link rel=\"canonical\" href=\"https:\/\/www.senson.fi\/de\/datenschutzbestimmungen\/\" \/>\n<meta property=\"og:locale\" content=\"de_DE\" \/>\n<meta property=\"og:type\" content=\"article\" \/>\n<meta property=\"og:title\" content=\"Privacy Policy - Senson\" \/>\n<meta property=\"og:url\" content=\"https:\/\/www.senson.fi\/de\/datenschutzbestimmungen\/\" \/>\n<meta property=\"og:site_name\" content=\"Senson\" \/>\n<meta property=\"article:modified_time\" content=\"2020-09-16T12:02:53+00:00\" \/>\n<meta name=\"twitter:card\" content=\"summary_large_image\" \/>\n<meta name=\"twitter:label1\" content=\"Gesch\u00e4tzte Lesezeit\" \/>\n\t<meta name=\"twitter:data1\" content=\"1\u00a0Minute\" \/>\n<script type=\"application\/ld+json\" class=\"yoast-schema-graph\">{\"@context\":\"https:\\\/\\\/schema.org\",\"@graph\":[{\"@type\":\"WebPage\",\"@id\":\"https:\\\/\\\/www.senson.fi\\\/privacy-policy\\\/\",\"url\":\"https:\\\/\\\/www.senson.fi\\\/privacy-policy\\\/\",\"name\":\"Privacy Policy - Senson\",\"isPartOf\":{\"@id\":\"https:\\\/\\\/www.senson.fi\\\/#website\"},\"datePublished\":\"2020-09-14T11:11:03+00:00\",\"dateModified\":\"2020-09-16T12:02:53+00:00\",\"breadcrumb\":{\"@id\":\"https:\\\/\\\/www.senson.fi\\\/privacy-policy\\\/#breadcrumb\"},\"inLanguage\":\"de\",\"potentialAction\":[{\"@type\":\"ReadAction\",\"target\":[\"https:\\\/\\\/www.senson.fi\\\/privacy-policy\\\/\"]}]},{\"@type\":\"BreadcrumbList\",\"@id\":\"https:\\\/\\\/www.senson.fi\\\/privacy-policy\\\/#breadcrumb\",\"itemListElement\":[{\"@type\":\"ListItem\",\"position\":1,\"name\":\"Home\",\"item\":\"https:\\\/\\\/www.senson.fi\\\/\"},{\"@type\":\"ListItem\",\"position\":2,\"name\":\"Privacy Policy\"}]},{\"@type\":\"WebSite\",\"@id\":\"https:\\\/\\\/www.senson.fi\\\/#website\",\"url\":\"https:\\\/\\\/www.senson.fi\\\/\",\"name\":\"Senson\",\"description\":\"More by Nature\",\"potentialAction\":[{\"@type\":\"SearchAction\",\"target\":{\"@type\":\"EntryPoint\",\"urlTemplate\":\"https:\\\/\\\/www.senson.fi\\\/?s={search_term_string}\"},\"query-input\":{\"@type\":\"PropertyValueSpecification\",\"valueRequired\":true,\"valueName\":\"search_term_string\"}}],\"inLanguage\":\"de\"}]}<\/script>\n<!-- \/ Yoast SEO plugin. -->","yoast_head_json":{"title":"Datenschutzrichtlinie - Senson","robots":{"index":"index","follow":"follow","max-snippet":"max-snippet:-1","max-image-preview":"max-image-preview:large","max-video-preview":"max-video-preview:-1"},"canonical":"https:\/\/www.senson.fi\/de\/datenschutzbestimmungen\/","og_locale":"de_DE","og_type":"article","og_title":"Privacy Policy - Senson","og_url":"https:\/\/www.senson.fi\/de\/datenschutzbestimmungen\/","og_site_name":"Senson","article_modified_time":"2020-09-16T12:02:53+00:00","twitter_card":"summary_large_image","twitter_misc":{"Gesch\u00e4tzte Lesezeit":"1\u00a0Minute"},"schema":{"@context":"https:\/\/schema.org","@graph":[{"@type":"WebPage","@id":"https:\/\/www.senson.fi\/privacy-policy\/","url":"https:\/\/www.senson.fi\/privacy-policy\/","name":"Datenschutzrichtlinie - Senson","isPartOf":{"@id":"https:\/\/www.senson.fi\/#website"},"datePublished":"2020-09-14T11:11:03+00:00","dateModified":"2020-09-16T12:02:53+00:00","breadcrumb":{"@id":"https:\/\/www.senson.fi\/privacy-policy\/#breadcrumb"},"inLanguage":"de","potentialAction":[{"@type":"ReadAction","target":["https:\/\/www.senson.fi\/privacy-policy\/"]}]},{"@type":"BreadcrumbList","@id":"https:\/\/www.senson.fi\/privacy-policy\/#breadcrumb","itemListElement":[{"@type":"ListItem","position":1,"name":"Home","item":"https:\/\/www.senson.fi\/"},{"@type":"ListItem","position":2,"name":"Privacy Policy"}]},{"@type":"WebSite","@id":"https:\/\/www.senson.fi\/#website","url":"https:\/\/www.senson.fi\/","name":"Senson","description":"More by Nature","potentialAction":[{"@type":"SearchAction","target":{"@type":"EntryPoint","urlTemplate":"https:\/\/www.senson.fi\/?s={search_term_string}"},"query-input":{"@type":"PropertyValueSpecification","valueRequired":true,"valueName":"search_term_string"}}],"inLanguage":"de"}]}},"_links":{"self":[{"href":"https:\/\/www.senson.fi\/de\/wp-json\/wp\/v2\/pages\/1980","targetHints":{"allow":["GET"]}}],"collection":[{"href":"https:\/\/www.senson.fi\/de\/wp-json\/wp\/v2\/pages"}],"about":[{"href":"https:\/\/www.senson.fi\/de\/wp-json\/wp\/v2\/types\/page"}],"author":[{"embeddable":true,"href":"https:\/\/www.senson.fi\/de\/wp-json\/wp\/v2\/users\/1"}],"replies":[{"embeddable":true,"href":"https:\/\/www.senson.fi\/de\/wp-json\/wp\/v2\/comments?post=1980"}],"version-history":[{"count":18,"href":"https:\/\/www.senson.fi\/de\/wp-json\/wp\/v2\/pages\/1980\/revisions"}],"predecessor-version":[{"id":2008,"href":"https:\/\/www.senson.fi\/de\/wp-json\/wp\/v2\/pages\/1980\/revisions\/2008"}],"wp:attachment":[{"href":"https:\/\/www.senson.fi\/de\/wp-json\/wp\/v2\/media?parent=1980"}],"curies":[{"name":"wp","href":"https:\/\/api.w.org\/{rel}","templated":true}]}}